{"id":2414,"date":"2022-03-24T14:50:55","date_gmt":"2022-03-24T14:50:55","guid":{"rendered":"https:\/\/nanooksiiskola.hu\/?page_id=2414"},"modified":"2026-03-30T12:24:13","modified_gmt":"2026-03-30T10:24:13","slug":"gyerek-sitanfolyamok-snowboard-ujbuda","status":"publish","type":"page","link":"https:\/\/nanooksiiskola.hu\/en\/sioktatas\/gyerek-sitanfolyamok-snowboard-ujbuda\/","title":{"rendered":"SNOWBOARD COURSES AT \u00daJBUDA"},"content":{"rendered":"<section id=\"bt_bb_section69e769b7e623a\" class=\"bt_bb_section bt_bb_layout_boxed_1200 bt_bb_vertical_align_top bt_bb_top_spacing_large bt_bb_bottom_spacing_medium\"  data-bt-override-class=\"{&quot;bt_bb_top_spacing_&quot;:{&quot;current_class&quot;:&quot;bt_bb_top_spacing_large&quot;,&quot;xxl&quot;:&quot;large&quot;,&quot;xl&quot;:&quot;large&quot;},&quot;bt_bb_bottom_spacing_&quot;:{&quot;current_class&quot;:&quot;bt_bb_bottom_spacing_medium&quot;,&quot;xxl&quot;:&quot;medium&quot;,&quot;xl&quot;:&quot;medium&quot;}}\"><div class=\"bt_bb_port\"><div class=\"bt_bb_cell\"><div class=\"bt_bb_cell_inner\"><div class=\"bt_bb_row\"  data-bt-override-class=\"{}\"><div class=\"bt_bb_row_holder\" ><div data-bb-version=\"5.2.1\"  class=\"bt_bb_column col-xxl-3 col-xl-3 pdf-tablet-mobile-full-width bt_bb_vertical_align_top bt_bb_align_left bt_bb_padding_normal bt_bb_animation_fade_in animate\" style=\"; --column-width:3;\" data-width=\"3\" data-bt-override-class=\"{&quot;bt_bb_align_&quot;:{&quot;current_class&quot;:&quot;bt_bb_align_left&quot;,&quot;xxl&quot;:&quot;left&quot;},&quot;bt_bb_padding_&quot;:{&quot;current_class&quot;:&quot;bt_bb_padding_normal&quot;,&quot;xxl&quot;:&quot;normal&quot;}}\"><div class=\"bt_bb_column_content\"><div class=\"bt_bb_column_content_inner\"><div class=\"bt_bb_row_inner\"   data-bt-override-class=\"{}\"><div class=\"bt_bb_row_inner_holder\"  ><div  class=\"bt_bb_column_inner col-xxl-12 col-xl-12 col-xs-12 col-sm-12 col-md-12 col-lg-12 bt_bb_vertical_align_top bt_bb_align_center bt_bb_padding_text_indent bt_bb_animation_fade_in animate\"  data-width=\"12\" data-bt-override-class=\"{}\"><div class=\"bt_bb_column_inner_content\" style=\"background-color:rgba(247, 247, 247, 1); \"><div class=\"bt_bb_column_inner_content_inner\"><div data-bb-version=\"5.2.1\" class=\"bt_bb_image pdf-tablet-mobile-full-width bt_bb_shape_square bt_bb_target_self bt_bb_align_inherit bt_bb_hover_style_simple bt_bb_content_display_always bt_bb_content_align_bottom\" data-bt-override-class=\"{&quot;bt_bb_align_&quot;:{&quot;current_class&quot;:&quot;bt_bb_align_inherit&quot;,&quot;xxl&quot;:&quot;inherit&quot;},&quot;bt_bb_content_display_&quot;:{&quot;current_class&quot;:&quot;bt_bb_content_display_always&quot;,&quot;xxl&quot;:&quot;always&quot;}}\"><span><img width=\"514\" height=\"481\" src=\"https:\/\/nanooksiiskola.hu\/wp-content\/uploads\/2022\/03\/kezdo-snowboard-tanfolyam.jpg\" class=\"attachment-full size-full\" alt=\"https:\/\/nanooksiiskola.hu\/wp-content\/uploads\/2022\/03\/kezdo-snowboard-tanfolyam.jpg\" decoding=\"async\" loading=\"lazy\" data-full_image_src=\"https:\/\/nanooksiiskola.hu\/wp-content\/uploads\/2022\/03\/kezdo-snowboard-tanfolyam.jpg\" title=\"kezdo-snowboard-tanfolyam\" srcset=\"https:\/\/nanooksiiskola.hu\/wp-content\/uploads\/2022\/03\/kezdo-snowboard-tanfolyam.jpg 514w, https:\/\/nanooksiiskola.hu\/wp-content\/uploads\/2022\/03\/kezdo-snowboard-tanfolyam-13x12.jpg 13w, https:\/\/nanooksiiskola.hu\/wp-content\/uploads\/2022\/03\/kezdo-snowboard-tanfolyam-320x299.jpg 320w\" sizes=\"(max-width: 514px) 100vw, 514px\" \/><\/span><\/div><div class=\"bt_bb_icon btMoveIconUp bt_bb_color_scheme_6 bt_bb_style_filled-border bt_bb_size_xlarge bt_bb_shape_circle bt_bb_target_self bt_bb_text_empty bt_bb_align_inherit bt_bb_style_filled bt_bb_style_border\" style=\".bt_bb_color_scheme_6.bt_bb_icon.bt_bb_style_filled .bt_bb_icon_holder:before { box-shadow: 0 0 0 1em inset #19C63E !important;}; --primary-color:#ffffff; --secondary-color:#3da3e6;\" data-bt-override-class=\"{&quot;bt_bb_size_&quot;:{&quot;current_class&quot;:&quot;bt_bb_size_xlarge&quot;,&quot;xxl&quot;:&quot;xlarge&quot;,&quot;xl&quot;:&quot;xlarge&quot;},&quot;bt_bb_align_&quot;:{&quot;current_class&quot;:&quot;bt_bb_align_inherit&quot;,&quot;xxl&quot;:&quot;inherit&quot;,&quot;xl&quot;:&quot;inherit&quot;}}\"><a href=\"#\"  target=\"_self\"   data-ico-award=\"&#xf10e;\" class=\"bt_bb_icon_holder\"><\/a><\/div><div class=\"bt_bb_separator bt_bb_border_style_none bt_bb_bottom_spacing_small\" data-bt-override-class=\"null\"><\/div><header class=\"bt_bb_headline bt_bb_color_scheme_8 bt_bb_dash_none bt_bb_size_small bt_bb_align_inherit\" style=\"; --primary-color:#3da3e6; --secondary-color:#ffffff;\" data-bt-override-class=\"{&quot;bt_bb_size_&quot;:{&quot;current_class&quot;:&quot;bt_bb_size_small&quot;,&quot;xxl&quot;:&quot;small&quot;,&quot;xl&quot;:&quot;small&quot;},&quot;bt_bb_align_&quot;:{&quot;current_class&quot;:&quot;bt_bb_align_inherit&quot;,&quot;xxl&quot;:&quot;inherit&quot;,&quot;xl&quot;:&quot;inherit&quot;}}\"><h2 class=\"bt_bb_headline_tag\"><span class=\"bt_bb_headline_content\"><span>BEGINNER<br \/><br \/>\n<\/span><\/span><\/h2><\/header><div class=\"bt_bb_separator bt_bb_border_style_none bt_bb_bottom_spacing_normal\" data-bt-override-class=\"null\"><\/div><div  class=\"bt_bb_text\" ><\/p>\n<ul>\n<li style=\"text-align: left\">Age gorup: 7-16 yrs<\/li>\n<li style=\"text-align: left\">\u00daJBUD\u00c1N CSOPORTOK<\/li>\n<li>CSEPELEN CSAK MAG\u00c1N\u00d3R\u00c1K<\/li>\n<li style=\"text-align: left\">Haven't tryed yet,<\/li>\n<li style=\"text-align: left\">heti 1 x 50 perc<\/li>\n<li style=\"text-align: left\">3-5 f\u0151s csoport<\/li>\n<li style=\"text-align: left\">free use of equipment<\/li>\n<li style=\"text-align: left\"><strong>replacement of the occasion is not possible<\/strong><\/li>\n<li>classes in all weather conditions<\/li>\n<li style=\"text-align: left\">80 000 Ft \/ f\u0151 \/ 12 alkalom<\/li>\n<\/ul>\n<p>\n<\/div><\/div><\/div><\/div><\/div><\/div><div class=\"bt_bb_separator bt_bb_border_style_none bt_bb_bottom_spacing_medium\" data-bt-override-class=\"null\"><\/div><\/div><\/div><\/div><div  class=\"bt_bb_column col-xxl-9 col-xl-9 bt_bb_vertical_align_top bt_bb_align_center bt_bb_padding_normal bt_bb_animation_fade_in animate\" style=\"; --column-width:9;\" data-width=\"9\" data-bt-override-class=\"{}\"><div class=\"bt_bb_column_content\"><div class=\"bt_bb_column_content_inner\"><table data-bb-version=\"5.3.7\" class=\"bt_bb_table\"><tr class=\"bt_bb_table_row\"><td class=\"bt_bb_table_value\"><span>DAY<\/span><\/td><td class=\"bt_bb_table_value\"><span>DATE<\/span><\/td><td class=\"bt_bb_table_value\"><span>BEGINS<\/span><\/td><td class=\"bt_bb_table_value\"><span>APPLICATION<br \/><\/span><\/td><\/tr><tr class=\"bt_bb_table_row btMarkedRow\"><td class=\"bt_bb_table_value\"><span>H\u00c9TF\u0150 KEZD\u0150<\/span><\/td><td class=\"bt_bb_table_value\"><span>18:00<\/span><\/td><td class=\"bt_bb_table_value\"><span>JAN. 5<\/span><\/td><td class=\"bt_bb_table_value\"><span>APPLY<br \/><\/span><\/td><\/tr><tr class=\"bt_bb_table_row btMarkedRow\"><td class=\"bt_bb_table_value\"><span>P\u00c9NTEK KEZD\u0150<\/span><\/td><td class=\"bt_bb_table_value\"><span>18:00<\/span><\/td><td class=\"bt_bb_table_value\"><span>JAN. 9<\/span><\/td><td class=\"bt_bb_table_value\"><span>APPLY<br \/><\/span><\/td><\/tr><tr class=\"bt_bb_table_row btMarkedRow\"><td class=\"bt_bb_table_value\"><span>VAS\u00c1RNAP KEZD\u0150<\/span><\/td><td class=\"bt_bb_table_value\"><span>10:00<\/span><\/td><td class=\"bt_bb_table_value\"><span>JAN. 11<\/span><\/td><td class=\"bt_bb_table_value\"><span>APPLY<\/span><\/td><\/tr><\/table><div class=\"bt_bb_separator bt_bb_border_style_none bt_bb_bottom_spacing_medium\" data-bt-override-class=\"null\"><\/div><\/div><\/div><\/div><\/div><\/div><\/div><!-- cell_inner --><\/div><!-- cell --><\/div><!-- port --><\/section>","protected":false},"excerpt":{"rendered":"<p>Small groups for 7-16 year olds.<\/p>","protected":false},"author":1,"featured_media":2416,"parent":2,"menu_order":0,"comment_status":"closed","ping_status":"closed","template":"","meta":[],"_links":{"self":[{"href":"https:\/\/nanooksiiskola.hu\/en\/wp-json\/wp\/v2\/pages\/2414"}],"collection":[{"href":"https:\/\/nanooksiiskola.hu\/en\/wp-json\/wp\/v2\/pages"}],"about":[{"href":"https:\/\/nanooksiiskola.hu\/en\/wp-json\/wp\/v2\/types\/page"}],"author":[{"embeddable":true,"href":"https:\/\/nanooksiiskola.hu\/en\/wp-json\/wp\/v2\/users\/1"}],"replies":[{"embeddable":true,"href":"https:\/\/nanooksiiskola.hu\/en\/wp-json\/wp\/v2\/comments?post=2414"}],"version-history":[{"count":27,"href":"https:\/\/nanooksiiskola.hu\/en\/wp-json\/wp\/v2\/pages\/2414\/revisions"}],"predecessor-version":[{"id":8044,"href":"https:\/\/nanooksiiskola.hu\/en\/wp-json\/wp\/v2\/pages\/2414\/revisions\/8044"}],"up":[{"embeddable":true,"href":"https:\/\/nanooksiiskola.hu\/en\/wp-json\/wp\/v2\/pages\/2"}],"wp:featuredmedia":[{"embeddable":true,"href":"https:\/\/nanooksiiskola.hu\/en\/wp-json\/wp\/v2\/media\/2416"}],"wp:attachment":[{"href":"https:\/\/nanooksiiskola.hu\/en\/wp-json\/wp\/v2\/media?parent=2414"}],"curies":[{"name":"wp","href":"https:\/\/api.w.org\/{rel}","templated":true}]}}