{"id":2429,"date":"2022-03-24T15:15:52","date_gmt":"2022-03-24T15:15:52","guid":{"rendered":"https:\/\/nanooksiiskola.hu\/?page_id=2429"},"modified":"2026-04-14T17:54:32","modified_gmt":"2026-04-14T15:54:32","slug":"tavasz-nyari-programok","status":"publish","type":"page","link":"https:\/\/nanooksiiskola.hu\/en\/tavasz-nyari-programok\/","title":{"rendered":"SPRING-SUMMER PROGRAMS"},"content":{"rendered":"<p><section id=\"bt_bb_section69e4f140d5acb\" class=\"bt_bb_section bt_bb_color_scheme_2 bt_bb_layout_boxed_left_right_1200 bt_bb_vertical_align_top bt_bb_top_spacing_none bt_bb_bottom_spacing_none bt_bb_top_negative_margin_medium bt_bb_highlight_shadow\" style=\"; --section-primary-color:#191919; --section-secondary-color:#ffffff;\" data-bt-override-class=\"{&quot;bt_bb_top_spacing_&quot;:{&quot;current_class&quot;:&quot;bt_bb_top_spacing_none&quot;,&quot;xxl&quot;:&quot;none&quot;,&quot;xl&quot;:&quot;none&quot;},&quot;bt_bb_bottom_spacing_&quot;:{&quot;current_class&quot;:&quot;bt_bb_bottom_spacing_none&quot;,&quot;xxl&quot;:&quot;none&quot;,&quot;xl&quot;:&quot;none&quot;}}\"><div class=\"bt_bb_port\"><div class=\"bt_bb_cell\"><div class=\"bt_bb_cell_inner\"><div class=\"bt_bb_row\"  data-bt-override-class=\"{}\"><div class=\"bt_bb_row_holder\" ><div data-bb-version=\"5.2.1\"  class=\"bt_bb_column col-xxl-6 col-xl-6 col-xs-12 col-sm-6 col-md-6 col-lg-6 pdf-tablet-mobile-full-width bt_bb_vertical_align_middle bt_bb_align_left bt_bb_padding_none bt_bb_animation_fade_in animate\" style=\"; --column-width:6;\" data-width=\"6\" data-bt-override-class=\"{&quot;bt_bb_align_&quot;:{&quot;current_class&quot;:&quot;bt_bb_align_left&quot;,&quot;xxl&quot;:&quot;left&quot;},&quot;bt_bb_padding_&quot;:{&quot;current_class&quot;:&quot;bt_bb_padding_none&quot;,&quot;xxl&quot;:&quot;none&quot;}}\"><div class=\"bt_bb_column_content\"><div class=\"bt_bb_column_content_inner\"><div class=\"bt_bb_slider bt_bb_height_auto bt_bb_show_dots_bottom bt_bb_animation_slide animate bt_bb_show_arrows_show\"><div class=\"slick-slider\"  data-slick='{ \"lazyLoad\": \"progressive\", \"cssEase\": \"ease-out\", \"speed\": \"300\", \"adaptiveHeight\": true, \"dots\": true, \"prevArrow\": \"&lt;button type=\\\"button\\\" class=\\\"slick-prev\\\" aria-label=\\\"Previous\\\" tabindex=\\\"0\\\" role=\\\"button\\\"&gt;&lt;\/button&gt;\", \"nextArrow\": \"&lt;button type=\\\"button\\\" class=\\\"slick-next\\\" aria-label=\\\"Next\\\" tabindex=\\\"0\\\" role=\\\"button\\\"&gt;&lt;\/button&gt;\", \"autoplay\": true, \"autoplaySpeed\": 5000}' ><div class=\"bt_bb_slider_item\" data-src-full=\"https:\/\/nanooksiiskola.hu\/wp-content\/uploads\/2022\/08\/nanook-teniszoktatas-gyerektabor-tanfolyam-2-e1691057806387.jpg\"><img src=\"https:\/\/nanooksiiskola.hu\/wp-content\/uploads\/2022\/08\/nanook-teniszoktatas-gyerektabor-tanfolyam-2-e1691057806387.jpg\" alt=\"tenisz\"  title=\"nanook-teniszoktatas-gyerektabor-tanfolyam-2\"><\/div><div class=\"bt_bb_slider_item\" data-src-full=\"https:\/\/nanooksiiskola.hu\/wp-content\/uploads\/2023\/04\/tavaszi-nyari-uszasoktats-sporttabor.jpg\"><img src=\"https:\/\/nanooksiiskola.hu\/wp-content\/uploads\/2023\/04\/tavaszi-nyari-uszasoktats-sporttabor.jpg\" alt=\"tavaszi-nyari-uszasoktats-sporttabor\"  title=\"tavaszi-nyari-uszasoktats-sporttabor\"><\/div><div class=\"bt_bb_slider_item\" data-src-full=\"https:\/\/nanooksiiskola.hu\/wp-content\/uploads\/2022\/03\/tavaszi-sport-taborok-1-e1682536203798.jpg\"><img src=\"https:\/\/nanooksiiskola.hu\/wp-content\/uploads\/2022\/03\/tavaszi-sport-taborok-1-e1682536203798.jpg\" alt=\"tavaszi-sport-taborok\"  title=\"tavaszi-sport-taborok\"><\/div><div class=\"bt_bb_slider_item\" data-src-full=\"https:\/\/nanooksiiskola.hu\/wp-content\/uploads\/2022\/03\/nyari-taborok-nanooksiiskola-e1682536068255.jpg\"><img src=\"https:\/\/nanooksiiskola.hu\/wp-content\/uploads\/2022\/03\/nyari-taborok-nanooksiiskola-e1682536068255.jpg\" alt=\"nyari-taborok-nanooksiiskola\"  title=\"nyari-taborok-nanooksiiskola\"><\/div><div class=\"bt_bb_slider_item\" data-src-full=\"https:\/\/nanooksiiskola.hu\/wp-content\/uploads\/2022\/03\/nyari-taborok-nanooksiiskola-uszasoktatas-sporttabor-e1682536027836.jpg\"><img src=\"https:\/\/nanooksiiskola.hu\/wp-content\/uploads\/2022\/03\/nyari-taborok-nanooksiiskola-uszasoktatas-sporttabor-e1682536027836.jpg\" alt=\"nyari-taborok-nanooksiiskola-uszasoktatas-sporttabor\"  title=\"nyari-taborok-nanooksiiskola-uszasoktatas-sporttabor\"><\/div><\/div><\/div><\/div><\/div><\/div><div data-bb-version=\"5.2.1\"  class=\"bt_bb_column col-xxl-6 col-xl-6 col-xs-12 col-sm-6 col-md-6 col-lg-6 pdf-tablet-mobile-full-width bt_bb_vertical_align_middle bt_bb_align_left bt_bb_padding_none bt_bb_animation_fade_in animate\" style=\"; --column-width:6;\" data-width=\"6\" data-bt-override-class=\"{&quot;bt_bb_align_&quot;:{&quot;current_class&quot;:&quot;bt_bb_align_left&quot;,&quot;xxl&quot;:&quot;left&quot;},&quot;bt_bb_padding_&quot;:{&quot;current_class&quot;:&quot;bt_bb_padding_none&quot;,&quot;xxl&quot;:&quot;none&quot;}}\"><div class=\"bt_bb_column_content\"><div class=\"bt_bb_column_content_inner\"><div class=\"bt_bb_separator bt_bb_border_style_none bt_bb_bottom_spacing_small\" data-bt-override-class=\"null\"><\/div><header class=\"bt_bb_headline bt_bb_color_scheme_8 bt_bb_dash_none bt_bb_size_inherit bt_bb_align_inherit\" style=\"; --primary-color:#3da3e6; --secondary-color:#ffffff;\" data-bt-override-class=\"{&quot;bt_bb_size_&quot;:{&quot;current_class&quot;:&quot;bt_bb_size_inherit&quot;,&quot;xxl&quot;:&quot;inherit&quot;,&quot;xl&quot;:&quot;inherit&quot;},&quot;bt_bb_align_&quot;:{&quot;current_class&quot;:&quot;bt_bb_align_inherit&quot;,&quot;xxl&quot;:&quot;inherit&quot;,&quot;xl&quot;:&quot;inherit&quot;}}\"><h3 class=\"bt_bb_headline_tag\"><span class=\"bt_bb_headline_content\"><span>Come and learn more sports! Spend the summer with Us!<\/span><\/span><\/h3><\/header><div class=\"bt_bb_separator bt_bb_border_style_none bt_bb_top_spacing_none bt_bb_bottom_spacing_normal\" data-bt-override-class=\"{&quot;bt_bb_top_spacing_&quot;:{&quot;current_class&quot;:&quot;bt_bb_top_spacing_none&quot;,&quot;xxl&quot;:&quot;none&quot;,&quot;xl&quot;:&quot;none&quot;},&quot;bt_bb_bottom_spacing_&quot;:{&quot;current_class&quot;:&quot;bt_bb_bottom_spacing_normal&quot;,&quot;xxl&quot;:&quot;normal&quot;,&quot;xl&quot;:&quot;normal&quot;}}\"><\/div><div  class=\"bt_bb_text\" ><\/p>\n<div class=\"page\">\n<div class=\"layoutArea\">\n<div class=\"column\">\n<div class=\"page\">\n<div class=\"layoutArea\">\n<div class=\"column\">\n<div class=\"page\">\n<div class=\"layoutArea\">\n<div class=\"column\">\n<div class=\"column\">\n<p>In our tennis and roller skating courses, we get to know the basics in a playful way, or we improve the knowledge we already have at an advanced level. We welcome applicants from the age of 5, we learn in small groups.<\/p>\n<\/div>\n<div class=\"page\">\n<div class=\"layoutArea\">\n<div class=\"column\">\n<div class=\"page\">\n<div class=\"layoutArea\">\n<div class=\"column\">\n<p>In our summer sports camps, we spend the day learning tennis, swimming or skiing lessons, devided by skill and age group. In addition to the useful pastime, there is also time to rest and play. Our friendly camps offer a great opportunity to make new friends.<\/p>\n<\/div>\n<\/div>\n<\/div>\n<\/div>\n<\/div>\n<\/div>\n<\/div>\n<\/div>\n<\/div>\n<\/div>\n<\/div>\n<\/div>\n<\/div>\n<\/div>\n<\/div>\n<p>\n<\/div><div class=\"bt_bb_separator bt_bb_border_style_none bt_bb_top_spacing_none bt_bb_bottom_spacing_medium\" data-bt-override-class=\"{&quot;bt_bb_top_spacing_&quot;:{&quot;current_class&quot;:&quot;bt_bb_top_spacing_none&quot;,&quot;xxl&quot;:&quot;none&quot;,&quot;xl&quot;:&quot;none&quot;},&quot;bt_bb_bottom_spacing_&quot;:{&quot;current_class&quot;:&quot;bt_bb_bottom_spacing_medium&quot;,&quot;xxl&quot;:&quot;medium&quot;,&quot;xl&quot;:&quot;medium&quot;}}\"><\/div><div  class=\"bt_bb_text\" ><\/p>\n<div>\n<p style=\"margin-bottom: 5px\" class=\"translation-block\"><strong>Locations:<\/strong> \u00dajbuda, Csepel<\/p>\n<p style=\"margin-bottom: 5px\"><strong>Sport\u00e1gak:<\/strong> tenisz, \u00fasz\u00e1s, g\u00f6rkorcsolya, s\u00edel\u00e9s, \u00fcgyess\u00e9gfejl.<\/p>\n<p style=\"margin-bottom: 5px\" class=\"translation-block\"><strong>Age group:<\/strong> 4-14 \u00e9ves koroszt\u00e1ly<\/p>\n<\/div>\n<p>\n<\/div><div class=\"bt_bb_separator bt_bb_border_style_none bt_bb_top_spacing_none bt_bb_bottom_spacing_small\" data-bt-override-class=\"{&quot;bt_bb_top_spacing_&quot;:{&quot;current_class&quot;:&quot;bt_bb_top_spacing_none&quot;,&quot;xxl&quot;:&quot;none&quot;,&quot;xl&quot;:&quot;none&quot;},&quot;bt_bb_bottom_spacing_&quot;:{&quot;current_class&quot;:&quot;bt_bb_bottom_spacing_small&quot;,&quot;xxl&quot;:&quot;small&quot;,&quot;xl&quot;:&quot;small&quot;}}\"><\/div><div class=\"bt_bb_separator bt_bb_border_style_none bt_bb_top_spacing_none bt_bb_bottom_spacing_small\" data-bt-override-class=\"{&quot;bt_bb_top_spacing_&quot;:{&quot;current_class&quot;:&quot;bt_bb_top_spacing_none&quot;,&quot;xxl&quot;:&quot;none&quot;,&quot;xl&quot;:&quot;none&quot;},&quot;bt_bb_bottom_spacing_&quot;:{&quot;current_class&quot;:&quot;bt_bb_bottom_spacing_small&quot;,&quot;xxl&quot;:&quot;small&quot;,&quot;xl&quot;:&quot;small&quot;}}\"><\/div><\/div><\/div><\/div><\/div><\/div><\/div><!-- cell_inner --><\/div><!-- cell --><\/div><!-- port --><\/section><section id=\"bt_bb_section69e4f140d70ad\" class=\"bt_bb_section bt_bb_layout_boxed_1200 bt_bb_vertical_align_top bt_bb_top_spacing_large bt_bb_bottom_spacing_medium\"  data-bt-override-class=\"{&quot;bt_bb_top_spacing_&quot;:{&quot;current_class&quot;:&quot;bt_bb_top_spacing_large&quot;,&quot;xxl&quot;:&quot;large&quot;,&quot;xl&quot;:&quot;large&quot;},&quot;bt_bb_bottom_spacing_&quot;:{&quot;current_class&quot;:&quot;bt_bb_bottom_spacing_medium&quot;,&quot;xxl&quot;:&quot;medium&quot;,&quot;xl&quot;:&quot;medium&quot;}}\"><div class=\"bt_bb_port\"><div class=\"bt_bb_cell\"><div class=\"bt_bb_cell_inner\"><div class=\"bt_bb_row\"  data-bt-override-class=\"{}\"><div class=\"bt_bb_row_holder\" ><div data-bb-version=\"5.2.1\"  class=\"bt_bb_column col-xxl-3 col-xl-3 pdf-tablet-mobile-full-width bt_bb_vertical_align_top bt_bb_align_left bt_bb_padding_normal bt_bb_animation_fade_in animate\" style=\"; --column-width:3;\" data-width=\"3\" data-bt-override-class=\"{&quot;bt_bb_align_&quot;:{&quot;current_class&quot;:&quot;bt_bb_align_left&quot;,&quot;xxl&quot;:&quot;left&quot;},&quot;bt_bb_padding_&quot;:{&quot;current_class&quot;:&quot;bt_bb_padding_normal&quot;,&quot;xxl&quot;:&quot;normal&quot;}}\"><div class=\"bt_bb_column_content\"><div class=\"bt_bb_column_content_inner\"><div class=\"bt_bb_row_inner\"   data-bt-override-class=\"{}\"><div class=\"bt_bb_row_inner_holder\"  ><div  class=\"bt_bb_column_inner col-xxl-12 col-xl-12 col-xs-12 col-sm-12 col-md-12 col-lg-12 bt_bb_vertical_align_top bt_bb_align_center bt_bb_padding_text_indent bt_bb_animation_fade_in animate\"  data-width=\"12\" data-bt-override-class=\"{}\"><div class=\"bt_bb_column_inner_content\" style=\"background-color:rgba(247, 247, 247, 1); \"><div class=\"bt_bb_column_inner_content_inner\"><div class=\"bt_bb_image bt_bb_shape_square bt_bb_target_self bt_bb_align_inherit bt_bb_hover_style_simple bt_bb_content_display_always bt_bb_content_align_bottom\" data-bt-override-class=\"{&quot;bt_bb_align_&quot;:{&quot;current_class&quot;:&quot;bt_bb_align_inherit&quot;,&quot;xxl&quot;:&quot;inherit&quot;,&quot;xl&quot;:&quot;inherit&quot;}}\"><span><img width=\"1920\" height=\"1286\" src=\"https:\/\/nanooksiiskola.hu\/wp-content\/uploads\/2022\/03\/tavaszi-sport-taborok-1-e1682536203798.jpg\" class=\"attachment-full size-full\" alt=\"https:\/\/nanooksiiskola.hu\/wp-content\/uploads\/2022\/03\/tavaszi-sport-taborok-1-e1682536203798.jpg\" decoding=\"async\" loading=\"lazy\" data-full_image_src=\"https:\/\/nanooksiiskola.hu\/wp-content\/uploads\/2022\/03\/tavaszi-sport-taborok-1-e1682536203798.jpg\" title=\"tavaszi-sport-taborok\" srcset=\"https:\/\/nanooksiiskola.hu\/wp-content\/uploads\/2022\/03\/tavaszi-sport-taborok-1-e1682536203798.jpg 1920w, https:\/\/nanooksiiskola.hu\/wp-content\/uploads\/2022\/03\/tavaszi-sport-taborok-1-e1682536203798-640x429.jpg 640w, https:\/\/nanooksiiskola.hu\/wp-content\/uploads\/2022\/03\/tavaszi-sport-taborok-1-e1682536203798-1280x857.jpg 1280w, https:\/\/nanooksiiskola.hu\/wp-content\/uploads\/2022\/03\/tavaszi-sport-taborok-1-e1682536203798-768x514.jpg 768w, https:\/\/nanooksiiskola.hu\/wp-content\/uploads\/2022\/03\/tavaszi-sport-taborok-1-e1682536203798-1536x1029.jpg 1536w, https:\/\/nanooksiiskola.hu\/wp-content\/uploads\/2022\/03\/tavaszi-sport-taborok-1-e1682536203798-18x12.jpg 18w, https:\/\/nanooksiiskola.hu\/wp-content\/uploads\/2022\/03\/tavaszi-sport-taborok-1-e1682536203798-320x214.jpg 320w, https:\/\/nanooksiiskola.hu\/wp-content\/uploads\/2022\/03\/tavaszi-sport-taborok-1-e1682536203798-600x402.jpg 600w\" sizes=\"(max-width: 1920px) 100vw, 1920px\" \/><\/span><\/div><div class=\"bt_bb_icon btMoveIconUp bt_bb_color_scheme_6 bt_bb_style_filled-border bt_bb_size_xlarge bt_bb_shape_circle bt_bb_target_self bt_bb_text_empty bt_bb_align_inherit bt_bb_style_filled bt_bb_style_border\" style=\".bt_bb_color_scheme_6.bt_bb_icon.bt_bb_style_filled .bt_bb_icon_holder:before { box-shadow: 0 0 0 1em inset #19C63E !important;}; --primary-color:#ffffff; --secondary-color:#3da3e6;\" data-bt-override-class=\"{&quot;bt_bb_size_&quot;:{&quot;current_class&quot;:&quot;bt_bb_size_xlarge&quot;,&quot;xxl&quot;:&quot;xlarge&quot;,&quot;xl&quot;:&quot;xlarge&quot;},&quot;bt_bb_align_&quot;:{&quot;current_class&quot;:&quot;bt_bb_align_inherit&quot;,&quot;xxl&quot;:&quot;inherit&quot;,&quot;xl&quot;:&quot;inherit&quot;}}\"><a href=\"#\"  target=\"_self\"   data-ico-sport=\"&#xf153;\" class=\"bt_bb_icon_holder\"><\/a><\/div><div class=\"bt_bb_separator bt_bb_border_style_none bt_bb_bottom_spacing_small\" data-bt-override-class=\"null\"><\/div><header class=\"bt_bb_headline bt_bb_color_scheme_8 bt_bb_dash_none bt_bb_size_small bt_bb_align_inherit\" style=\"; --primary-color:#3da3e6; --secondary-color:#ffffff;\" data-bt-override-class=\"{&quot;bt_bb_size_&quot;:{&quot;current_class&quot;:&quot;bt_bb_size_small&quot;,&quot;xxl&quot;:&quot;small&quot;,&quot;xl&quot;:&quot;small&quot;},&quot;bt_bb_align_&quot;:{&quot;current_class&quot;:&quot;bt_bb_align_inherit&quot;,&quot;xxl&quot;:&quot;inherit&quot;,&quot;xl&quot;:&quot;inherit&quot;}}\"><h2 class=\"bt_bb_headline_tag\"><span class=\"bt_bb_headline_content\"><span>TENNIS COURSE<\/span><\/span><\/h2><\/header><div class=\"bt_bb_separator bt_bb_border_style_none bt_bb_bottom_spacing_normal\" data-bt-override-class=\"null\"><\/div><div  class=\"bt_bb_text\" ><\/p>\n<ul>\n<li style=\"text-align: left\">Age group: 5-14 yrs<\/li>\n<li style=\"text-align: left\">55 minutes<\/li>\n<li style=\"text-align: left\">2x a week<\/li>\n<li style=\"text-align: left\">8 occasions<\/li>\n<li style=\"text-align: left\">min. 4 f\u0151t\u0151l<\/li>\n<li style=\"text-align: left\">replacement of the occasion is not possible<\/li>\n<li style=\"text-align: left\"><strong>\u00a0Ft \/f\u0151<\/strong><\/li>\n<li>testv\u00e9rkedvezm\u00e9ny 3000 Ft\/f\u0151<\/li>\n<\/ul>\n<p>\n<\/div><\/div><\/div><\/div><\/div><\/div><div class=\"bt_bb_separator bt_bb_border_style_none bt_bb_bottom_spacing_medium\" data-bt-override-class=\"null\"><\/div><\/div><\/div><\/div><div  class=\"bt_bb_column col-xxl-9 col-xl-9 bt_bb_vertical_align_top bt_bb_align_center bt_bb_padding_normal bt_bb_animation_fade_in animate\" style=\"; --column-width:9;\" data-width=\"9\" data-bt-override-class=\"{}\"><div class=\"bt_bb_column_content\"><div class=\"bt_bb_column_content_inner\"><table data-bb-version=\"5.2.1\" class=\"bt_bb_table\"><tr class=\"bt_bb_table_row\"><td class=\"bt_bb_table_value\"><span>DAY<\/span><\/td><td class=\"bt_bb_table_value\"><span>DATE<\/span><\/td><td class=\"bt_bb_table_value\"><span>BEGINS<\/span><\/td><td class=\"bt_bb_table_value\"><span>LOCATION<\/span><\/td><td class=\"bt_bb_table_value\"><span>APPLICATION<br \/><\/span><\/td><\/tr><tr class=\"bt_bb_table_row btMarkedRow\"><td class=\"bt_bb_table_value\"><span>KEDD - CS\u00dcT\u00d6RT\u00d6K KEZD\u0150<\/span><\/td><td class=\"bt_bb_table_value\"><span> M\u00c1JUS 6.<\/span><\/td><td class=\"bt_bb_table_value\"><span>17:00<\/span><\/td><td class=\"bt_bb_table_value\"><span>\u00daJBUDA<\/span><\/td><td class=\"bt_bb_table_value\"><span>APPLY<br \/><\/span><\/td><\/tr><tr class=\"bt_bb_table_row btMarkedRow\"><td class=\"bt_bb_table_value\"><span>KEDD - CS\u00dcT\u00d6RT\u00d6K HALAD\u00d3<\/span><\/td><td class=\"bt_bb_table_value\"><span> M\u00c1JUS 6.<\/span><\/td><td class=\"bt_bb_table_value\"><span>18:00<\/span><\/td><td class=\"bt_bb_table_value\"><span>\u00daJBUDA<\/span><\/td><td class=\"bt_bb_table_value\"><span>APPLY<\/span><\/td><\/tr><\/table><div class=\"bt_bb_separator bt_bb_border_style_none bt_bb_bottom_spacing_medium\" data-bt-override-class=\"null\"><\/div><\/div><\/div><\/div><\/div><\/div><\/div><!-- cell_inner --><\/div><!-- cell --><\/div><!-- port --><\/section><section id=\"bt_bb_section69e4f140d7896\" class=\"bt_bb_section bt_bb_layout_boxed_1200 bt_bb_vertical_align_top bt_bb_top_spacing_large bt_bb_bottom_spacing_medium\"  data-bt-override-class=\"{&quot;bt_bb_top_spacing_&quot;:{&quot;current_class&quot;:&quot;bt_bb_top_spacing_large&quot;,&quot;xxl&quot;:&quot;large&quot;,&quot;xl&quot;:&quot;large&quot;},&quot;bt_bb_bottom_spacing_&quot;:{&quot;current_class&quot;:&quot;bt_bb_bottom_spacing_medium&quot;,&quot;xxl&quot;:&quot;medium&quot;,&quot;xl&quot;:&quot;medium&quot;}}\"><div class=\"bt_bb_port\"><div class=\"bt_bb_cell\"><div class=\"bt_bb_cell_inner\"><div class=\"bt_bb_row\"  data-bt-override-class=\"{}\"><div class=\"bt_bb_row_holder\" ><div data-bb-version=\"5.2.1\"  class=\"bt_bb_column col-xxl-3 col-xl-3 pdf-tablet-mobile-full-width bt_bb_vertical_align_top bt_bb_align_left bt_bb_padding_normal bt_bb_animation_fade_in animate\" style=\"; --column-width:3;\" data-width=\"3\" data-bt-override-class=\"{&quot;bt_bb_align_&quot;:{&quot;current_class&quot;:&quot;bt_bb_align_left&quot;,&quot;xxl&quot;:&quot;left&quot;},&quot;bt_bb_padding_&quot;:{&quot;current_class&quot;:&quot;bt_bb_padding_normal&quot;,&quot;xxl&quot;:&quot;normal&quot;}}\"><div class=\"bt_bb_column_content\"><div class=\"bt_bb_column_content_inner\"><div class=\"bt_bb_row_inner\"   data-bt-override-class=\"{}\"><div class=\"bt_bb_row_inner_holder\"  ><div  class=\"bt_bb_column_inner col-xxl-12 col-xl-12 col-xs-12 col-sm-12 col-md-12 col-lg-12 bt_bb_vertical_align_top bt_bb_align_center bt_bb_padding_text_indent bt_bb_animation_fade_in animate\"  data-width=\"12\" data-bt-override-class=\"{}\"><div class=\"bt_bb_column_inner_content\" style=\"background-color:rgba(247, 247, 247, 1); \"><div class=\"bt_bb_column_inner_content_inner\"><div class=\"bt_bb_image bt_bb_shape_square bt_bb_target_self bt_bb_align_inherit bt_bb_hover_style_simple bt_bb_content_display_always bt_bb_content_align_bottom\" data-bt-override-class=\"{&quot;bt_bb_align_&quot;:{&quot;current_class&quot;:&quot;bt_bb_align_inherit&quot;,&quot;xxl&quot;:&quot;inherit&quot;,&quot;xl&quot;:&quot;inherit&quot;}}\"><span><img width=\"1920\" height=\"1285\" src=\"https:\/\/nanooksiiskola.hu\/wp-content\/uploads\/2022\/03\/nyari-sport-taborok.jpg\" class=\"attachment-full size-full\" alt=\"https:\/\/nanooksiiskola.hu\/wp-content\/uploads\/2022\/03\/nyari-sport-taborok.jpg\" decoding=\"async\" loading=\"lazy\" data-full_image_src=\"https:\/\/nanooksiiskola.hu\/wp-content\/uploads\/2022\/03\/nyari-sport-taborok.jpg\" title=\"nyari-sport-taborok\" srcset=\"https:\/\/nanooksiiskola.hu\/wp-content\/uploads\/2022\/03\/nyari-sport-taborok.jpg 1920w, https:\/\/nanooksiiskola.hu\/wp-content\/uploads\/2022\/03\/nyari-sport-taborok-640x428.jpg 640w, https:\/\/nanooksiiskola.hu\/wp-content\/uploads\/2022\/03\/nyari-sport-taborok-1280x857.jpg 1280w, https:\/\/nanooksiiskola.hu\/wp-content\/uploads\/2022\/03\/nyari-sport-taborok-768x514.jpg 768w, https:\/\/nanooksiiskola.hu\/wp-content\/uploads\/2022\/03\/nyari-sport-taborok-1536x1028.jpg 1536w, https:\/\/nanooksiiskola.hu\/wp-content\/uploads\/2022\/03\/nyari-sport-taborok-18x12.jpg 18w, https:\/\/nanooksiiskola.hu\/wp-content\/uploads\/2022\/03\/nyari-sport-taborok-320x214.jpg 320w, https:\/\/nanooksiiskola.hu\/wp-content\/uploads\/2022\/03\/nyari-sport-taborok-600x402.jpg 600w\" sizes=\"(max-width: 1920px) 100vw, 1920px\" \/><\/span><\/div><div class=\"bt_bb_icon btMoveIconUp bt_bb_color_scheme_6 bt_bb_style_filled-border bt_bb_size_xlarge bt_bb_shape_circle bt_bb_target_self bt_bb_text_empty bt_bb_align_inherit bt_bb_style_filled bt_bb_style_border\" style=\".bt_bb_color_scheme_6.bt_bb_icon.bt_bb_style_filled .bt_bb_icon_holder:before { box-shadow: 0 0 0 1em inset #19C63E !important;}; --primary-color:#ffffff; --secondary-color:#3da3e6;\" data-bt-override-class=\"{&quot;bt_bb_size_&quot;:{&quot;current_class&quot;:&quot;bt_bb_size_xlarge&quot;,&quot;xxl&quot;:&quot;xlarge&quot;,&quot;xl&quot;:&quot;xlarge&quot;},&quot;bt_bb_align_&quot;:{&quot;current_class&quot;:&quot;bt_bb_align_inherit&quot;,&quot;xxl&quot;:&quot;inherit&quot;,&quot;xl&quot;:&quot;inherit&quot;}}\"><a href=\"#\"  target=\"_self\"   data-ico-pool=\"&#xf12a;\" class=\"bt_bb_icon_holder\"><\/a><\/div><div class=\"bt_bb_separator bt_bb_border_style_none bt_bb_bottom_spacing_small\" data-bt-override-class=\"null\"><\/div><header class=\"bt_bb_headline bt_bb_color_scheme_8 bt_bb_dash_none bt_bb_size_small bt_bb_align_inherit\" style=\"; --primary-color:#3da3e6; --secondary-color:#ffffff;\" data-bt-override-class=\"{&quot;bt_bb_size_&quot;:{&quot;current_class&quot;:&quot;bt_bb_size_small&quot;,&quot;xxl&quot;:&quot;small&quot;,&quot;xl&quot;:&quot;small&quot;},&quot;bt_bb_align_&quot;:{&quot;current_class&quot;:&quot;bt_bb_align_inherit&quot;,&quot;xxl&quot;:&quot;inherit&quot;,&quot;xl&quot;:&quot;inherit&quot;}}\"><h2 class=\"bt_bb_headline_tag\"><span class=\"bt_bb_headline_content\"><span>SUMMER SPORTS CAMPS<\/span><\/span><\/h2><\/header><div class=\"bt_bb_separator bt_bb_border_style_none bt_bb_bottom_spacing_normal\" data-bt-override-class=\"null\"><\/div><div  class=\"bt_bb_text\" ><\/p>\n<div class=\"page\">\n<div class=\"layoutArea\">\n<div class=\"column\">\n<ul>\n<li style=\"text-align: left\">Age group: 4-14 yrs<\/li>\n<\/ul>\n<\/div>\n<\/div>\n<\/div>\n<ul>\n<li style=\"text-align: left\">\n<div class=\"page\">\n<div class=\"layoutArea\">\n<div class=\"column\">\n<p>from Monday to Friday<\/p>\n<\/div>\n<\/div>\n<\/div>\n<\/li>\n<li style=\"text-align: left\">e\u0301rkeze\u0301s 8.00 -to\u0301l<\/li>\n<li style=\"text-align: left\">\n<div class=\"page\">\n<div class=\"layoutArea\">\n<div class=\"column\">\n<p>ends at 16.00<\/p>\n<\/div>\n<\/div>\n<\/div>\n<\/li>\n<li style=\"text-align: left\">napi 2 x \u00e9tkez\u00e9s<\/li>\n<li style=\"text-align: left\"><strong>\u00e1r: 11. ker<\/strong>\u00a0<strong> 70.000 Ft \/ f\u0151<\/strong><\/li>\n<li style=\"text-align: left\">testv\u00e9rkedvezm\u00e9ny 3000 Ft\/f\u0151<\/li>\n<li style=\"text-align: left\">min. 5 f\u0151 max. 15 f\u0151<\/li>\n<\/ul>\n<p>\n<\/div><\/div><\/div><\/div><\/div><\/div><div class=\"bt_bb_separator bt_bb_border_style_none bt_bb_bottom_spacing_medium\" data-bt-override-class=\"null\"><\/div><\/div><\/div><\/div><div  class=\"bt_bb_column col-xxl-9 col-xl-9 bt_bb_vertical_align_top bt_bb_align_center bt_bb_padding_normal bt_bb_animation_fade_in animate\" style=\"; --column-width:9;\" data-width=\"9\" data-bt-override-class=\"{}\"><div class=\"bt_bb_column_content\"><div class=\"bt_bb_column_content_inner\"><table data-bb-version=\"5.3.7\" class=\"bt_bb_table\"><tr class=\"bt_bb_table_row\"><td class=\"bt_bb_table_value\"><span>PROGRAM<\/span><\/td><td class=\"bt_bb_table_value\"><span>DATE<\/span><\/td><td class=\"bt_bb_table_value\"><span>LOCATION<\/span><\/td><td class=\"bt_bb_table_value\"><span>APPLICATION<br \/><\/span><\/td><\/tr><tr class=\"bt_bb_table_row btMarkedRow\"><td class=\"bt_bb_table_value\"><span>KUNGFU - G\u00d6RKORI<\/span><\/td><td class=\"bt_bb_table_value\"><span>2026.07. 06 -10<\/span><\/td><td class=\"bt_bb_table_value\"><span>\u00daJBUDA<\/span><\/td><td class=\"bt_bb_table_value\"><span>APPLY<br \/><\/span><\/td><\/tr><tr class=\"bt_bb_table_row btMarkedRow\"><td class=\"bt_bb_table_value\"><span>G\u00d6RKORI - \u00daSZ\u00c1S<\/span><\/td><td class=\"bt_bb_table_value\"><span>2026.07. 13 - 17<\/span><\/td><td class=\"bt_bb_table_value\"><span>\u00daJBUDA<\/span><\/td><td class=\"bt_bb_table_value\"><span>APPLY<br \/><\/span><\/td><\/tr><\/table><div class=\"bt_bb_separator bt_bb_border_style_none bt_bb_bottom_spacing_medium\" data-bt-override-class=\"null\"><\/div><\/div><\/div><\/div><\/div><\/div><\/div><!-- cell_inner --><\/div><!-- cell --><\/div><!-- port --><\/section><\/p>","protected":false},"excerpt":{"rendered":"<p>Daycare summer camps, intensive sports courses.<\/p>","protected":false},"author":1,"featured_media":3293,"parent":0,"menu_order":0,"comment_status":"closed","ping_status":"closed","template":"","meta":[],"_links":{"self":[{"href":"https:\/\/nanooksiiskola.hu\/en\/wp-json\/wp\/v2\/pages\/2429"}],"collection":[{"href":"https:\/\/nanooksiiskola.hu\/en\/wp-json\/wp\/v2\/pages"}],"about":[{"href":"https:\/\/nanooksiiskola.hu\/en\/wp-json\/wp\/v2\/types\/page"}],"author":[{"embeddable":true,"href":"https:\/\/nanooksiiskola.hu\/en\/wp-json\/wp\/v2\/users\/1"}],"replies":[{"embeddable":true,"href":"https:\/\/nanooksiiskola.hu\/en\/wp-json\/wp\/v2\/comments?post=2429"}],"version-history":[{"count":23,"href":"https:\/\/nanooksiiskola.hu\/en\/wp-json\/wp\/v2\/pages\/2429\/revisions"}],"predecessor-version":[{"id":8107,"href":"https:\/\/nanooksiiskola.hu\/en\/wp-json\/wp\/v2\/pages\/2429\/revisions\/8107"}],"wp:featuredmedia":[{"embeddable":true,"href":"https:\/\/nanooksiiskola.hu\/en\/wp-json\/wp\/v2\/media\/3293"}],"wp:attachment":[{"href":"https:\/\/nanooksiiskola.hu\/en\/wp-json\/wp\/v2\/media?parent=2429"}],"curies":[{"name":"wp","href":"https:\/\/api.w.org\/{rel}","templated":true}]}}