{"id":2463,"date":"2022-03-24T17:45:17","date_gmt":"2022-03-24T17:45:17","guid":{"rendered":"https:\/\/nanooksiiskola.hu\/?page_id=2463"},"modified":"2026-04-16T15:43:36","modified_gmt":"2026-04-16T13:43:36","slug":"szezon-naptar","status":"publish","type":"page","link":"https:\/\/nanooksiiskola.hu\/en\/szezon-naptar\/","title":{"rendered":"SEASON CALENDAR"},"content":{"rendered":"<section id=\"bt_bb_section69e4dbeb76902\" class=\"bt_bb_section bt_bb_layout_boxed_1200\"  data-bt-override-class=\"null\"><div class=\"bt_bb_port\"><div class=\"bt_bb_cell\"><div class=\"bt_bb_cell_inner\"><div class=\"bt_bb_row\"  data-bt-override-class=\"{}\"><div class=\"bt_bb_row_holder\" ><div  class=\"bt_bb_column col-xxl-12 col-xl-12 col-xs-12 col-sm-12 col-md-12 col-lg-12 bt_bb_vertical_align_top bt_bb_align_left bt_bb_padding_normal\" style=\"; --column-width:12;\" data-width=\"12\" data-bt-override-class=\"{}\"><div class=\"bt_bb_column_content\"><div class=\"bt_bb_column_content_inner\"><div class=\"bt_bb_separator bt_bb_border_style_none bt_bb_top_spacing_none bt_bb_bottom_spacing_large\" data-bt-override-class=\"{&quot;bt_bb_top_spacing_&quot;:{&quot;current_class&quot;:&quot;bt_bb_top_spacing_none&quot;,&quot;xxl&quot;:&quot;none&quot;,&quot;xl&quot;:&quot;none&quot;},&quot;bt_bb_bottom_spacing_&quot;:{&quot;current_class&quot;:&quot;bt_bb_bottom_spacing_large&quot;,&quot;xxl&quot;:&quot;large&quot;,&quot;xl&quot;:&quot;large&quot;}}\"><\/div><table data-bb-version=\"5.3.7\" class=\"bt_bb_table\"><tr class=\"bt_bb_table_row\"><td class=\"bt_bb_table_value\"><span>PROGRAM<\/span><\/td><td class=\"bt_bb_table_value\"><span>DATE<\/span><\/td><td class=\"bt_bb_table_value\"><span>BEGINS<\/span><\/td><td class=\"bt_bb_table_value\"><span>LOCATION<br \/><\/span><\/td><\/tr><tr class=\"bt_bb_table_row\"><td class=\"bt_bb_table_value\"><span>NY\u00cdLT NAP \u00daJBUD\u00c1N<\/span><\/td><td class=\"bt_bb_table_value\"><span> 2026. SZEPTEMBER 5. <\/span><\/td><td class=\"bt_bb_table_value\"><span> 9.00 \u2013 15.00<\/span><\/td><td class=\"bt_bb_table_value\"><span>\u00daJBUDA<br \/><\/span><\/td><\/tr><tr class=\"bt_bb_table_row\"><td class=\"bt_bb_table_value\"><span>NY\u00cdLT NAP CSEPELEN<\/span><\/td><td class=\"bt_bb_table_value\"><span>2026. SZEPTEMBER 5.<\/span><\/td><td class=\"bt_bb_table_value\"><span> 9.00 \u2013 12.00<\/span><\/td><td class=\"bt_bb_table_value\"><span>CSEPEL<br \/><\/span><\/td><\/tr><tr class=\"bt_bb_table_row\"><td class=\"bt_bb_table_value\"><span>ORSZ\u00c1GOS NY\u00cdLT NAP<\/span><\/td><td class=\"bt_bb_table_value\"><span>2026. SZEPTEMBER 19.<\/span><\/td><td class=\"bt_bb_table_value\"><span> 9.00 \u2013 12.00<\/span><\/td><td class=\"bt_bb_table_value\"><span>CSEPEL\/\u00daJBUDA<br \/><\/span><\/td><\/tr><tr class=\"bt_bb_table_row\"><td class=\"bt_bb_table_value\"><span>ELS\u0150 CSOPORTOS \u00d3R\u00c1K I. F\u00c9L\u00c9V<\/span><\/td><td class=\"bt_bb_table_value\"><span>2026. SZEPTEMBER 21.<\/span><\/td><td class=\"bt_bb_table_value\"><span><\/span><\/td><td class=\"bt_bb_table_value\"><span>CSEPEL\/\u00daJBUDA<br \/><\/span><\/td><\/tr><tr class=\"bt_bb_table_row\"><td class=\"bt_bb_table_value\"><span>\u0150SZI INTENZ\u00cdV TANFOLYAM<\/span><\/td><td class=\"bt_bb_table_value\"><span>2026. OKT\u00d3BER 26- 30.<\/span><\/td><td class=\"bt_bb_table_value\"><span> 9.00 \/10.30<\/span><\/td><td class=\"bt_bb_table_value\"><span>CSEPEL\/ \u00daJBUDA<br \/><\/span><\/td><\/tr><tr class=\"bt_bb_table_row\"><td class=\"bt_bb_table_value\"><span>SZ\u00dcNETELNEK A CSOPORTOK<\/span><\/td><td class=\"bt_bb_table_value\"><span>2026. OKT\u00d3BER 26- 30.<\/span><\/td><td class=\"bt_bb_table_value\"><span> <\/span><\/td><td class=\"bt_bb_table_value\"><span>CSEPEL\/ \u00daJBUDA<br \/><\/span><\/td><\/tr><tr class=\"bt_bb_table_row\"><td class=\"bt_bb_table_value\"><span>HALLOWEEN BULI<\/span><\/td><td class=\"bt_bb_table_value\"><span>2026. OKT\u00d3BER 31.<\/span><\/td><td class=\"bt_bb_table_value\"><span>18.00 \u2013 19.00<\/span><\/td><td class=\"bt_bb_table_value\"><span>\u00daJBUDA<br \/><\/span><\/td><\/tr><tr class=\"bt_bb_table_row\"><td class=\"bt_bb_table_value\"><span>NOVEMBERI CSOPORTOK<\/span><\/td><td class=\"bt_bb_table_value\"><span>2026. NOVEMBER 23-T\u0150L<\/span><\/td><td class=\"bt_bb_table_value\"><span><\/span><\/td><td class=\"bt_bb_table_value\"><span>CSEPEL\/ \u00daJBUDA<br \/><\/span><\/td><\/tr><tr class=\"bt_bb_table_row\"><td class=\"bt_bb_table_value\"><span>MIKUL\u00c1S BULI<\/span><\/td><td class=\"bt_bb_table_value\"><span>2026. DECEMBER 5.<\/span><\/td><td class=\"bt_bb_table_value\"><span>18.00 \u2013 19.00<\/span><\/td><td class=\"bt_bb_table_value\"><span>\u00daJBUDA<br \/><\/span><\/td><\/tr><tr class=\"bt_bb_table_row\"><td class=\"bt_bb_table_value\"><span>MIKUL\u00c1S BULI<\/span><\/td><td class=\"bt_bb_table_value\"><span>2026. DECEMBER 6.<\/span><\/td><td class=\"bt_bb_table_value\"><span>18.00 \u2013 19.00<\/span><\/td><td class=\"bt_bb_table_value\"><span>CSEPEL<br \/><\/span><\/td><\/tr><tr class=\"bt_bb_table_row\"><td class=\"bt_bb_table_value\"><span>UTOLS\u00d3 CSOPORTOS EDZ\u00c9SEK<\/span><\/td><td class=\"bt_bb_table_value\"><span>2026. DECEMBER 20.<\/span><\/td><td class=\"bt_bb_table_value\"><span><\/span><\/td><td class=\"bt_bb_table_value\"><span>CSEPEL\/\u00daJBUDA<br \/><\/span><\/td><\/tr><tr class=\"bt_bb_table_row\"><td class=\"bt_bb_table_value\"><span>Z\u00c1RVA VAGYUNK<\/span><\/td><td class=\"bt_bb_table_value\"><span>2026. DECEMBER 24-26.<\/span><\/td><td class=\"bt_bb_table_value\"><span><\/span><\/td><td class=\"bt_bb_table_value\"><span>CSEPEL\/\u00daJBUDA<br \/><\/span><\/td><\/tr><tr class=\"bt_bb_table_row\"><td class=\"bt_bb_table_value\"><span>T\u00c9LI INTENZ\u00cdV TANFOLYAM<\/span><\/td><td class=\"bt_bb_table_value\"><span>2026. DECEMBER 21-23 + 28-31.<\/span><\/td><td class=\"bt_bb_table_value\"><span>9.00 \/ 10.30<\/span><\/td><td class=\"bt_bb_table_value\"><span>CSEPEL\/\u00daJBUDA<br \/><\/span><\/td><\/tr><tr class=\"bt_bb_table_row\"><td class=\"bt_bb_table_value\"><span>ELS\u0150 EDZ\u00c9SEK II. F\u00c9L\u00c9V<\/span><\/td><td class=\"bt_bb_table_value\"><span>2027. JANU\u00c1R 4.<\/span><\/td><td class=\"bt_bb_table_value\"><span><\/span><\/td><td class=\"bt_bb_table_value\"><span>CSEPEL\/\u00daJBUDA<br \/><\/span><\/td><\/tr><tr class=\"bt_bb_table_row\"><td class=\"bt_bb_table_value\"><span>Z\u00c1RVA VAGYUNK<\/span><\/td><td class=\"bt_bb_table_value\"><span>2027. M\u00c1RCIUS 13-14.<\/span><\/td><td class=\"bt_bb_table_value\"><span><\/span><\/td><td class=\"bt_bb_table_value\"><span>CSEPEL\/ \u00daJBUDA<br \/><\/span><\/td><\/tr><tr class=\"bt_bb_table_row\"><td class=\"bt_bb_table_value\"><span>UTOLS\u00d3 EDZ\u00c9SEK<\/span><\/td><td class=\"bt_bb_table_value\"><span>2027. M\u00c1RCIUS 28.<\/span><\/td><td class=\"bt_bb_table_value\"><span><\/span><\/td><td class=\"bt_bb_table_value\"><span>CSEPEL\/\u00daJBUDA<br \/><\/span><\/td><\/tr><tr class=\"bt_bb_table_row\"><td class=\"bt_bb_table_value\"><span>SZEZONZ\u00c1R\u00d3 S\u00cdVERSENY<\/span><\/td><td class=\"bt_bb_table_value\"><span>2027. M\u00c1RCIUS 20.<\/span><\/td><td class=\"bt_bb_table_value\"><span>15.00-17.00<\/span><\/td><td class=\"bt_bb_table_value\"><span>CSEPEL<br \/><\/span><\/td><\/tr><tr class=\"bt_bb_table_row\"><td class=\"bt_bb_table_value\"><span>TENNIS COURSE<\/span><\/td><td class=\"bt_bb_table_value\"><span>2026. M\u00c1JUST\u00d3L<\/span><\/td><td class=\"bt_bb_table_value\"><span><\/span><\/td><td class=\"bt_bb_table_value\"><span>\u00daJBUDA<br \/><\/span><\/td><\/tr><tr class=\"bt_bb_table_row\"><td class=\"bt_bb_table_value\"><span>NY\u00c1RI T\u00c1BOROK<\/span><\/td><td class=\"bt_bb_table_value\"><span>2027. J\u00daLIUS 6-T\u00d3L<\/span><\/td><td class=\"bt_bb_table_value\"><span>8.00 - 16.30<\/span><\/td><td class=\"bt_bb_table_value\"><span>CSEPEL\/\u00daJBUDA<\/span><\/td><\/tr><\/table><div class=\"bt_bb_separator bt_bb_border_style_none bt_bb_top_spacing_none bt_bb_bottom_spacing_large\" data-bt-override-class=\"{&quot;bt_bb_top_spacing_&quot;:{&quot;current_class&quot;:&quot;bt_bb_top_spacing_none&quot;,&quot;xxl&quot;:&quot;none&quot;,&quot;xl&quot;:&quot;none&quot;},&quot;bt_bb_bottom_spacing_&quot;:{&quot;current_class&quot;:&quot;bt_bb_bottom_spacing_large&quot;,&quot;xxl&quot;:&quot;large&quot;,&quot;xl&quot;:&quot;large&quot;}}\"><\/div><\/div><\/div><\/div><\/div><\/div><\/div><!-- cell_inner --><\/div><!-- cell --><\/div><!-- port --><\/section>","protected":false},"excerpt":{"rendered":"","protected":false},"author":1,"featured_media":2071,"parent":0,"menu_order":0,"comment_status":"closed","ping_status":"closed","template":"","meta":[],"_links":{"self":[{"href":"https:\/\/nanooksiiskola.hu\/en\/wp-json\/wp\/v2\/pages\/2463"}],"collection":[{"href":"https:\/\/nanooksiiskola.hu\/en\/wp-json\/wp\/v2\/pages"}],"about":[{"href":"https:\/\/nanooksiiskola.hu\/en\/wp-json\/wp\/v2\/types\/page"}],"author":[{"embeddable":true,"href":"https:\/\/nanooksiiskola.hu\/en\/wp-json\/wp\/v2\/users\/1"}],"replies":[{"embeddable":true,"href":"https:\/\/nanooksiiskola.hu\/en\/wp-json\/wp\/v2\/comments?post=2463"}],"version-history":[{"count":11,"href":"https:\/\/nanooksiiskola.hu\/en\/wp-json\/wp\/v2\/pages\/2463\/revisions"}],"predecessor-version":[{"id":8124,"href":"https:\/\/nanooksiiskola.hu\/en\/wp-json\/wp\/v2\/pages\/2463\/revisions\/8124"}],"wp:featuredmedia":[{"embeddable":true,"href":"https:\/\/nanooksiiskola.hu\/en\/wp-json\/wp\/v2\/media\/2071"}],"wp:attachment":[{"href":"https:\/\/nanooksiiskola.hu\/en\/wp-json\/wp\/v2\/media?parent=2463"}],"curies":[{"name":"wp","href":"https:\/\/api.w.org\/{rel}","templated":true}]}}