{"id":2473,"date":"2022-03-24T17:56:03","date_gmt":"2022-03-24T17:56:03","guid":{"rendered":"https:\/\/nanooksiiskola.hu\/?page_id=2473"},"modified":"2026-04-16T10:53:24","modified_gmt":"2026-04-16T08:53:24","slug":"fontos-informaciok","status":"publish","type":"page","link":"https:\/\/nanooksiiskola.hu\/en\/fontos-informaciok\/","title":{"rendered":"FONTOS INFORM\u00c1CI\u00d3K"},"content":{"rendered":"<section id=\"bt_bb_section69e8a3cc890a0\" class=\"bt_bb_section bt_bb_layout_boxed_1200 bt_bb_vertical_align_top bt_bb_top_spacing_none bt_bb_bottom_spacing_none\"  data-bt-override-class=\"{&quot;bt_bb_top_spacing_&quot;:{&quot;current_class&quot;:&quot;bt_bb_top_spacing_none&quot;,&quot;xxl&quot;:&quot;none&quot;,&quot;xl&quot;:&quot;none&quot;},&quot;bt_bb_bottom_spacing_&quot;:{&quot;current_class&quot;:&quot;bt_bb_bottom_spacing_none&quot;,&quot;xxl&quot;:&quot;none&quot;,&quot;xl&quot;:&quot;none&quot;}}\"><div class=\"bt_bb_port\"><div class=\"bt_bb_cell\"><div class=\"bt_bb_cell_inner\"><div class=\"bt_bb_row\"  data-bt-override-class=\"{}\"><div class=\"bt_bb_row_holder\" ><div  class=\"bt_bb_column col-xxl-12 col-xl-12 col-xs-12 col-sm-12 col-md-12 col-lg-12 bt_bb_color_scheme_11 bt_bb_vertical_align_top bt_bb_align_left bt_bb_padding_none\" style=\"; --column-primary-color:#181818; --column-secondary-color:#efefef;; --column-width:12;\" data-width=\"12\" data-bt-override-class=\"{&quot;bt_bb_align_&quot;:{&quot;current_class&quot;:&quot;bt_bb_align_left&quot;,&quot;xxl&quot;:&quot;left&quot;,&quot;xl&quot;:&quot;left&quot;},&quot;bt_bb_padding_&quot;:{&quot;current_class&quot;:&quot;bt_bb_padding_none&quot;,&quot;xxl&quot;:&quot;none&quot;,&quot;xl&quot;:&quot;none&quot;}}\"><div class=\"bt_bb_column_content\"><div class=\"bt_bb_column_content_inner\"><div class=\"bt_bb_separator bt_bb_border_style_none bt_bb_top_spacing_none bt_bb_bottom_spacing_large\" data-bt-override-class=\"{&quot;bt_bb_top_spacing_&quot;:{&quot;current_class&quot;:&quot;bt_bb_top_spacing_none&quot;,&quot;xxl&quot;:&quot;none&quot;,&quot;xl&quot;:&quot;none&quot;},&quot;bt_bb_bottom_spacing_&quot;:{&quot;current_class&quot;:&quot;bt_bb_bottom_spacing_large&quot;,&quot;xxl&quot;:&quot;large&quot;,&quot;xl&quot;:&quot;large&quot;}}\"><\/div><div  class=\"bt_bb_text\" ><\/p>\n<div class=\"field-item even\">\n<p>\u00a0<strong>M\u0171k\u00f6d\u00e9si Szab\u00e1lyzat \u2013 H\u00e1zirend<\/strong><\/p>\n<ul>\n<li><strong>A foglalkoz\u00e1sokon csak a kit\u00f6lt\u00f6tt jelentkez\u00e9si lap \u00e9s a tagd\u00edj befizet\u00e9se ut\u00e1n lehet r\u00e9sztvenni.<\/strong><\/li>\n<li>S\u00edp\u00e1ly\u00e1t \u00e9s a s\u00edliftet csak az iskol\u00e1ban dolgoz\u00f3 oktat\u00f3 fel\u00fcgyelete mellett lehet haszn\u00e1lni.<\/li>\n<li>A p\u00e1lya haszn\u00e1lat\u00e1hoz a jelentkez\u00e9si lap kit\u00f6lt\u00e9se k\u00f6telez\u0151.<\/li>\n<li><strong>A P\u00c1LY\u00c1N CSAK AZ OKTAT\u00d3 \u00c9S A TANUL\u00d3 TART\u00d3ZKODHAT.<\/strong><\/li>\n<li>Az iskol\u00e1ban zajl\u00f3 foglalkoz\u00e1sokon a s\u00edliftek haszn\u00e1lati utas\u00edt\u00e1s\u00e1nak betart\u00e1sa mindenkinek sz\u00e1m\u00e1ra k\u00f6telez\u0151.<\/li>\n<li>A s\u00ediskola tanfolyamaira, programjaira, belf\u00f6ldi \u00e9s k\u00fclf\u00f6ldi oktat\u00e1saira\u00a0<strong>EL\u0150LEG BEFIZET\u00c9S\u00c9VEL<\/strong>\u00a0lehet jelentkezni.<\/li>\n<li>Az edz\u00e9seken v\u00e9d\u0151felszerel\u00e9s haszn\u00e1lata k\u00f6telez\u0151 \/ keszty\u0171, buk\u00f3sisak\/, ezek elmulaszt\u00e1s\u00e1b\u00f3l ered\u0151 k\u00e1rok\u00e9rt, balesetek\u00e9rt a s\u00ediskola felel\u0151ss\u00e9get nem v\u00e1llal.<\/li>\n<li>Olyan ruh\u00e1zatban k\u00e9rj\u00fck az \u00f3r\u00e1n a r\u00e9szv\u00e9telt ami nem baj, ha koszos lesz vagy s\u00e9r\u00fcl. Ezek\u00e9rt felel\u0151ss\u00e9get v\u00e1llalni nem tudunk.<\/li>\n<li>Az \u00f6lt\u00f6z\u0151ben, p\u00e1ly\u00e1n, p\u00e1ly\u00e1n k\u00edv\u00fcl hagyott \u00e9rt\u00e9kek\u00e9rt az iskola felel\u0151ss\u00e9get\u00a0<strong>NEM<\/strong>\u00a0v\u00e1llal.<\/li>\n<li>A s\u00ediskol\u00e1ban a m\u0171anyagp\u00e1ly\u00e1n t\u00f6rt\u00e9n\u0151 minden foglalkoz\u00e1shoz a <strong>s\u00edfelszerel\u00e9st ingyen biztos\u00edtjuk<\/strong>. <em>Snowboard felszerel\u00e9st csak a gyerekeknek tudunk biztos\u00edtani.<\/em><\/li>\n<li>A s\u00ediskola felszerel\u00e9se,\u00a0<u>iskol\u00e1n k\u00edv\u00fcli<\/u>\u00a0haszn\u00e1latbav\u00e9tel\u00e9nek eset\u00e9n a b\u00e9rl\u00e9s\u00a0<u>teljes<\/u>\u00a0\u00f6sszeg\u00e9nek el\u0151re megfizet\u00e9s\u00e9vel vehet\u0151k ig\u00e9nybe. Az esetleges k\u00e1rok\u00e9rt, rong\u00e1l\u00e1s\u00e9rt, elt\u0171n\u00e9s\u00e9rt jav\u00edt\u00e1si-t\u00e9r\u00edt\u00e9si d\u00edjat sz\u00e1m\u00edtunk fel.<\/li>\n<li>A rendeltet\u00e9sszer\u0171 haszn\u00e1latt\u00f3l elt\u00e9r\u0151 sportol\u00e1sb\u00f3l sz\u00e1rmaz\u00f3 balesetek\u00e9rt, s\u00e9r\u00fcl\u00e9sek\u00e9rt, anyagi k\u00e1rok\u00e9rt az iskola felel\u0151ss\u00e9get NEM v\u00e1llal.<\/li>\n<li>A foglalkoz\u00e1sok id\u0151tartama\u00a050 perc, f\u00e9l\u00f3r\u00e1s \u00f3ra 25 perc, pr\u00f3ba \u00f3ra 15 perc.<\/li>\n<li><strong>A HELYSZ\u00cdNEN CSAK K\u00c9SZP\u00c9NZZEL VAN LEHET\u0150S\u00c9G FIZETNI!<\/strong><\/li>\n<li>Az \u00f3r\u00e1kat el\u0151re kell rendezni, ellenkez\u0151 esetben a tan\u00edtv\u00e1ny nem kezdheti meg a foglalkoz\u00e1st.<\/li>\n<\/ul>\n<p>\u00a0<\/p>\n<p><strong><u>CSOPORTOS \u00d3R\u00c1K:<\/u><\/strong><\/p>\n<ul>\n<li><strong>A szezonban a csoportos \u00f3r\u00e1inkat minden id\u0151j\u00e1r\u00e1si k\u00f6r\u00fclm\u00e9nyek k\u00f6z\u00f6tt megtartjuk<\/strong>.<\/li>\n<li>A csoportok szept. \/nov.\/ jan. indulnak min. 3 f\u0151 eset\u00e9n \u00e9s max. 10 f\u0151-ig.<\/li>\n<li><strong>Jelentkezni a teljes \u00f6sszeg befizet\u00e9s\u00e9vel lehet.\u00a0<\/strong><\/li>\n<li><strong><u>ALKALMANK\u00c9NT FIZETNI NEM LEHETS\u00c9GES!!<\/u><\/strong><\/li>\n<li><strong>Csoportban csak 4. \u00e9let\u00e9vet bet\u00f6lt\u00f6tt gyermek iratkozhat.<\/strong><\/li>\n<li>4 \u00e9ves kor alatti gyermekkel csak mag\u00e1n\u00f3r\u00e1ban foglalkozunk vagy mini csoportban!!<\/li>\n<li>Ha ragaszkodik 4 \u00e9ves kor alatt a csoporthoz akkor a sz\u00fcl\u0151 v\u00e1llalja, hogy lemarad\u00e1s eset\u00e9n k\u00fcl\u00f6n felz\u00e1rk\u00f3z\u00f3 mag\u00e1n\u00f3r\u00e1kat vesz ig\u00e9nybe, p\u00f3tl\u00e1s eset\u00e9n nem tudunk korcsoporthoz ill\u0151 p\u00f3tl\u00e1si lehet\u0151s\u00e9get biztos\u00edtani.<\/li>\n<li>Ha f\u00e9l\u00faton feladja a gyermek, vagy meggondolt\u00e1k magukat <strong><em>nem tudjuk a befizetett tanfolyami p\u00e9nzt visszaadni<\/em>.<\/strong><\/li>\n<li>A megv\u00e1s\u00e1rolt csoportos b\u00e9rletek csak az adott helysz\u00ednen \u00e9rv\u00e9nyesek, m\u00e1sik helysz\u00ednen val\u00f3 lej\u00e1r\u00e1shoz, vagy p\u00f3tl\u00e1shoz el\u0151zetes \u00edr\u00e1sbeli egyeztet\u00e9s sz\u00fcks\u00e9ges.<\/li>\n<li>Aki heti 2 x szeretne j\u00e1rni annak 2 k\u00fcl\u00f6nb\u00f6z\u0151 id\u0151pont\u00fa csoportot kell v\u00e1lasztania.<\/li>\n<li><strong>A csoportos tanfolyam nem v\u00e1lthat\u00f3 mag\u00e1n\u00f3r\u00e1ra.<\/strong><\/li>\n<li>\u00a0A sz\u00fcl\u0151 v\u00e1llalja, hogy lemarad\u00e1s eset\u00e9n k\u00fcl\u00f6n felz\u00e1rk\u00f3z\u00f3 mag\u00e1n\u00f3r\u00e1kat vesz ig\u00e9nybe.<\/li>\n<li>A csoportos \u00f3ra a tanfolyam megkezd\u00e9s el\u0151tt 24 \u00f3r\u00e1val m\u00e1r nem vissza mondhat\u00f3. Ebben az esetben 10 000 Ft lemond\u00e1si d\u00edjat sz\u00e1m\u00edtunk fel.<\/li>\n<li><strong>PR\u00d3BA\u00d3RA: <\/strong>a szezonban egyszer lehet ig\u00e9nybe venni, 15 perces szintfelm\u00e9r\u0151, egyeztetett id\u0151pontban.<\/li>\n<li><strong>S\u00c9R\u00dcL\u00c9S\/BETEGS\u00c9G\/LEMOND\u00c1S: <\/strong>minden esetben a tanul\u00f3\/sz\u00fcl\u0151 felel\u0151ss\u00e9ge \u00e9rtes\u00edteni a s\u00ediskol\u00e1t. E-mailen kereszt\u00fcl t\u00f6rt\u00e9nik az egyeztet\u00e9s, melyben szerepelnie kell az OK-nak, a TANUL\u00d3 nev\u00e9nek, melyik helysz\u00ednre, melyik csoportba j\u00e1r, orvosi igazol\u00e1s. Ebben az esetben lehet\u0151s\u00e9g van a tanfolyam meghosszabb\u00edt\u00e1s\u00e1ra, vagy mag\u00e1n\u00f3r\u00e1ra \u00e1tv\u00e1lt\u00e1sra. P\u00e9nz visszafizet\u00e9sre nincs lehet\u0151s\u00e9g.<\/li>\n<\/ul>\n<p><strong><u>P\u00d3TL\u00c1S <\/u>:<\/strong><\/p>\n<ul>\n<li>Kiz\u00e1r\u00f3lag a gyerek s\u00edtanfolyamok p\u00f3tl\u00e1s\u00e1ra van lehet\u0151s\u00e9g.<\/li>\n<li>Hi\u00e1nyz\u00e1s eset\u00e9n havonta 1 x-i lehet\u0151s\u00e9get biztos\u00edtunk p\u00f3tl\u00e1sra.<\/li>\n<li>Minden esetben <strong><u>el\u0151zetes bejelentkez\u00e9s<\/u><\/strong> sz\u00fcks\u00e9ges a weboldalon kereszt\u00fcl (S\u00cdOKTAT\u00c1S\/GYEREK CSOPORTOK\/ lap alja P\u00d3T\u00d3RA).<\/li>\n<li><u>A p\u00f3tl\u00e1s id\u0151pontja FIX!! <\/u><\/li>\n<li><u>Nem szabadon v\u00e1lasztott.<\/u><\/li>\n<li>Nem oktat\u00f3hoz k\u00f6t\u00f6tt.<\/li>\n<li>A bejelentkez\u00e9s ut\u00e1n, nem k\u00fcld\u00fcnk v\u00e1lasz e-mailt, \u00e9s aki nem jelenik meg azt \u00fagy vessz\u00fck, hogy ott volt.<\/li>\n<li>P\u00f3tolni okt\u00f3ber k\u00f6zepe \u2013 m\u00e1rcius k\u00f6zepe k\u00f6z\u00f6tt lehets\u00e9ges.<\/li>\n<li><em>Aki csak az el\u0151szezonra jelentkezik annak, <strong>decemberig<\/strong> van lehet\u0151s\u00e9ge p\u00f3tolni.<\/em><\/li>\n<li><strong>A p\u00f3tl\u00e1s mindenkinek a maga felel\u0151ss\u00e9ge, a s\u00ediskola csak a lehet\u0151s\u00e9get biztos\u00edtja.<\/strong><\/li>\n<li>Ut\u00f3lag vagy el\u0151re p\u00f3tol valaki az egy\u00e9ni d\u00f6nt\u00e9s.<\/li>\n<li><strong>A hi\u00e1nyz\u00e1sok a k\u00f6vetkez\u0151 szezonra nem vihet\u0151k \u00e1t.<\/strong><\/li>\n<li>A s\u00ediskola nem foglalkozik azzal, ha valaki lemaradt a p\u00f3tl\u00e1sr\u00f3l vagy valakinek nem megfelel\u0151 az adott id\u0151pont. Ezzel kapcsolatosan e-mailekre, telefonra, \u00fczenetekre nem v\u00e1laszolunk.<\/li>\n<\/ul>\n<\/div>\n<div class=\"field-item even\">\n<p>\u00a0<\/p>\n<p><strong><u>KEDVEZM\u00c9NYEK A GYEREK CSOPORTOS TANFOLYAMOKHOZ:<\/u><\/strong><\/p>\n<ul>\n<li>El\u0151regisztr\u00e1ci\u00f3s kedvezm\u00e9ny k\u00f6vetkez\u0151 <strong>teljes szezonra<\/strong> befizet\u0151knek <strong>13 %<\/strong> ( m\u00e1s kedvezm\u00e9nnyel nem vonhat\u00f3 \u00f6ssze ). \u00c9rv\u00e9nyes 10 000 Ft el\u0151leg befizet\u00e9s\u00e9vel \u00e1prilis 1 \u2013 m\u00e1jus 31 k\u00f6z\u00f6tt.<\/li>\n<li>Testv\u00e9rkedvezm\u00e9ny \u2013 egy\u00fcttes befizet\u00e9s eset\u00e9n csak a 3,5,6 h\u00f3napos tanfolyamok eset\u00e9n 3000 Ft\/ f\u0151 (a szezonban <strong>1x<\/strong> \u00e9rv\u00e9nyes\u00edthet\u0151)<\/li>\n<\/ul>\n<p>\u00a0<\/p>\n<p><strong><u>MAG\u00c1N\u00d3R\u00c1K:<\/u><\/strong><\/p>\n<ul>\n<li><strong>A mag\u00e1n\u00f3r\u00e1kat az \u00f3ra kezd\u00e9s el\u0151tt 48 \u00f3r\u00e1val\u00a0 el\u0151re ki kell fizetni. <\/strong>\/Ellenkez\u0151 eseten az oktat\u00f3 nem k\u00f6teles megtartani az \u00f3r\u00e1t.\/<\/li>\n<li>\u00d3r\u00e1t foglalni csak fizet\u00e9s ut\u00e1n lehets\u00e9ges.<\/li>\n<li><strong>Legk\u00e9s\u0151bb az \u00f3ra megkezd\u00e9se el\u0151tt 24 \u00f3r\u00e1val lehet lemondani, m\u00f3dos\u00edtani a leegyeztetett \u00f3r\u00e1t.<\/strong><\/li>\n<li>Az \u00f3ra lemond\u00e1sa aznap m\u00e1r\u00a0 <strong>NEM LEHETS\u00c9GES<\/strong>, ebben az esetben a <strong><u>teljes \u00f3ra d\u00edj ker\u00fcl felsz\u00e1m\u00edt\u00e1sra<\/u><\/strong>, b\u00e9rlet eset\u00e9n -1 alkalom ker\u00fcl levon\u00e1sra. F\u00fcggetlen\u00fcl, hogy betegs\u00e9g vagy id\u0151j\u00e1r\u00e1s vagy b\u00e1rmi ok miatt t\u00f6rt\u00e9nik.<\/li>\n<li>Minden id\u0151j\u00e1r\u00e1sban tartunk mag\u00e1n\u00f3r\u00e1kat.<\/li>\n<li>A m\u0171anyagp\u00e1ly\u00e1ra az \u00f3r\u00e1hoz ingyenes biztos\u00edtjuk a s\u00edfelszerel\u00e9st. \/ s\u00edcip\u0151 + l\u00e9c + buk\u00f3+bot\/<\/li>\n<li>Az aktu\u00e1lis szezonban v\u00e1s\u00e1rolt\u00a0b\u00e9rletek\u00a0a szezon v\u00e9g\u00e9ig \u00e9rv\u00e9nyesek a k\u00f6vetkez\u0151 szezonra nem vihet\u0151k \u00e1t. Abban az esetben, ha az iskola hib\u00e1j\u00e1b\u00f3l nem lettek a b\u00e9rletek felhaszn\u00e1lva, akkor a k\u00e1rt megt\u00e9r\u00edtj\u00fck, ellenkez\u0151 esetben a megmaradt alkalmak elvesznek.<\/li>\n<li>A t\u00f6bbszem\u00e9lyes b\u00e9rletek r\u00e9sz\u00f6sszege nem visszat\u00e9r\u00edthet\u0151, ha azt az adott alkalommal kevesebb szem\u00e9ly veszi ig\u00e9nyben, mint amire a b\u00e9rlet sz\u00f3l.<\/li>\n<li>Az ingyenes\u00a0 +1 kedvezm\u00e9ny A 7 ALKALOM EGY\u00d6SSZEG\u0170 <strong>EL\u0150RE<\/strong> KIFIZET\u00c9SE UT\u00c1N VEHET\u0150 IG\u00c9NYBE.<\/li>\n<li>B\u00e9rletet az adott szezon december 31, 23:59-ig lehet megv\u00e1s\u00e1rolni.<\/li>\n<li>Az \u00f3r\u00e1k 50 percesek.<\/li>\n<li><strong>B\u00e9rlet \u00e9rv\u00e9nyess\u00e9gi ideje: megv\u00e1s\u00e1rl\u00e1st\u00f3l 60 napig.<\/strong><\/li>\n<li>4 \u00e9ves kor alatt, lehet\u0151s\u00e9g van 25 perces \u00f3r\u00e1ra.<\/li>\n<li>Nem lehet 25 perces \u00f3r\u00e1ra b\u00e9rletet venni.<\/li>\n<\/ul>\n<p>\u00a0<\/p>\n<p><span style=\"text-decoration: underline\"><strong>AJ\u00c1ND\u00c9KUTALV\u00c1NY:<\/strong><\/span><\/p>\n<ul>\n<li>S\u00ediskol\u00e1nkban lehet\u0151s\u00e9g van aj\u00e1nd\u00e9kutalv\u00e1ny v\u00e1s\u00e1rl\u00e1sra b\u00e1rmely \u00f6sszegben. Az utalv\u00e1ny felhaszn\u00e1l\u00e1s\u00e1t a megv\u00e1s\u00e1rl\u00e1st\u00f3l sz\u00e1m\u00edtott <strong>30 napon<\/strong> bel\u00fcl meg kell kezdeni. Amennyiben ez nem t\u00f6rt\u00e9nik meg, \u00fagy az \u00e9rt\u00e9k elveszett. Nem a s\u00ediskola felel\u0151s\u00e9ge az aj\u00e1nd\u00e9kutalv\u00e1nyok nyomon k\u00f6vet\u00e9se.<\/li>\n<li>Ha valamelyik tanfolyamra t\u00f6rt\u00e9nik az aj\u00e1nd\u00e9k v\u00e1lt\u00e1sa, \u00fagy a jelentkez\u0151nek a k\u00f6teless\u00e9ge\/felel\u0151ss\u00e9ge az indul\u00f3 tanfolyamok nyomon k\u00f6vet\u00e9se, arra val\u00f3 jelentkez\u00e9s. Nem tudunk felel\u0151ss\u00e9get v\u00e1llalni az\u00e9rt, hogy ha nem megfelel\u0151 id\u0151pontban indulnak a tanfolyamok. Amennyiben 30 napon bel\u00fcl jelzi, hogy az indul\u00f3 tanfolyamok egyik id\u0151pontja sem megfelel\u0151, \u00fagy lehet\u0151s\u00e9g van mag\u00e1n\u00f3r\u00e1ra v\u00e1ltani az utalv\u00e1nyt. 30 nap ut\u00e1n az utalv\u00e1ny \u00e9rt\u00e9ke elvszik nem \u00e1ll m\u00f3dunkban visszat\u00e9r\u00edteni.<\/li>\n<li>Amennyiben az iskola hib\u00e1j\u00e1b\u00f3l nem siker\u00fclt az utalv\u00e1nyt felhaszn\u00e1lni \u00fagy visszat\u00e9r\u00edtj\u00fck a teljes \u00f6sszeget, vagy meghosszabb\u00edtjuk az utalv\u00e1ny felhaszn\u00e1l\u00e1si idej\u00e9t.<\/li>\n<\/ul>\n<p><strong>K\u00f6sz\u00f6nj\u00fck<\/strong>, hogy a n\u00e1lunk haszn\u00e1lt, k\u00f6lcs\u00f6nz\u00f6tt felszerel\u00e9sekre vigy\u00e1zol. A s\u00edcip\u0151t minden alkalommal becsatolt \u00e1llapotban haszn\u00e1lod, t\u00e1rolod, \u00e9s az \u00f3r\u00e1k ut\u00e1n is \u00edgy hozod vissza. Amennyiben k\u00e1r keletkezik a felszerel\u00e9sben annak a jav\u00edt\u00e1s\u00e1t \u00d6nk\u00f6lts\u00e9gen v\u00e1llalja a b\u00e9rl\u0151.<\/p>\n<p>K\u00f6sz\u00f6nj\u00fck, hogy\u00a0<strong>seg\u00edted<\/strong>\u00a0a munk\u00e1nkat \u00e9s a s\u00ediskola m\u0171k\u00f6d\u00e9si szab\u00e1lyzat\u00e1t betartod.<\/p>\n<p><strong>FONTOS TUDNIVAL\u00d3 A CSOPORTV\u00c1LASZT\u00c1SHOZ:<\/strong><\/p>\n<p><strong>MINI<\/strong>\u00a0<strong>K<\/strong><strong>EZD\u0150<\/strong>:\u00a0 3 \u2013 4 \u00e9ves korig lehet r\u00e1 jelentkezni! Mindenkit v\u00e1runk, aki m\u00e9g nem s\u00edelt. Akkor is ide v\u00e1rjuk, ha m\u00e1r s\u00edelt, de m\u00e9g a p\u00e1lya tetej\u00e9r\u0151l nem tud biztons\u00e1gosan lecs\u00faszni, \u00e9s a liftet nem tudja \u00f6n\u00e1ll\u00f3an haszn\u00e1lni. Az edz\u00e9s 25 perces!<\/p>\n<p><strong>BEGINNER<\/strong>: \u00a05 \u00e9ves kort\u00f3l lehet r\u00e1 jelentkezni! Mindenkit v\u00e1runk, aki m\u00e9g nem s\u00edelt. Akkor is ide v\u00e1rjuk, ha m\u00e1r s\u00edelt, de m\u00e9g a p\u00e1lya tetej\u00e9r\u0151l nem tud biztons\u00e1gosan lecs\u00faszni, \u00e9s a s\u00edliftet nem tudja \u00f6n\u00e1ll\u00f3an haszn\u00e1lni.<\/p>\n<p><strong>K\u00d6Z\u00c9PHALAD\u00d3: \u00a0<\/strong>4 \u00e9v feletti gyerekeket v\u00e1rjuk ebbe a csoportba. Aki m\u00e1r legal\u00e1bb egy szezont s\u00edelt oktat\u00f3val (mag\u00e1n\u00f3r\u00e1ban vagy kezd\u0151 csoportban), biztons\u00e1gosan le tud ereszkedni a tanul\u00f3p\u00e1ly\u00e1n, \u00f6n\u00e1ll\u00f3an tudja haszn\u00e1lni a h\u00faz\u00f3s s\u00edliftet.<\/p>\n<p><strong>HALAD\u00d3:\u00a0<\/strong>6 \u00e9v f\u00f6l\u00f6tti. Aki legal\u00e1bb 2 szezont j\u00e1rt mag\u00e1n\u00f3r\u00e1ban vagy csoportban. Alapfelt\u00e9tel, hogy biztons\u00e1gosan le tud ereszkedni a tanul\u00f3p\u00e1ly\u00e1n, a gyors\u00edt\u00f3n, \u00f6n\u00e1ll\u00f3an tudja haszn\u00e1lni a h\u00faz\u00f3s s\u00edliftet, mer nagy temp\u00f3val s\u00edelni, tud p\u00e1rhuzamos l\u00e9ccel kanyarodni (vagy a k\u00f6zel\u00e9be van), meg tud \u00e1llni farolva.<\/p>\n<p><strong>SUPER ADVANCED<\/strong>: 7 \u00e9v feletti. Aki m\u00e1r t\u00f6bb mint 2 szezont s\u00edelt. C\u00e9l a halad\u00f3 s\u00ed technika, az \u00e9len vezetett \u00edvek \u00e9s a botoz\u00e1s elsaj\u00e1t\u00edt\u00e1sa. Aki komolyabban \u00e9rdekl\u0151dik a s\u00edel\u00e9s ir\u00e1nt, ezzel a csapattal fel tud k\u00e9sz\u00fclni, alaposabban a havas s\u00edel\u00e9sekre, valamint r\u00e9szt vehetnek m\u0171anyagp\u00e1ly\u00e1s versenyeken. Term\u00e9szetesen az alap edz\u00e9sen fel\u00fcl semelyik program nem k\u00f6telez\u0151, \u00e1m ezek seg\u00edts\u00e9g\u00e9vel komolyabb, sz\u00e9lesebb spektrum\u00fa tud\u00e1sra tehetnek szert a gyerekek, valamint belek\u00f3stolhatnak a versenyz\u00e9s vil\u00e1g\u00e1ba az amat\u0151r versenyeken kereszt\u00fcl.<\/p>\n<\/div>\n<p>\n<\/div><div class=\"bt_bb_separator bt_bb_border_style_none bt_bb_top_spacing_none bt_bb_bottom_spacing_large\" data-bt-override-class=\"{&quot;bt_bb_top_spacing_&quot;:{&quot;current_class&quot;:&quot;bt_bb_top_spacing_none&quot;,&quot;xxl&quot;:&quot;none&quot;,&quot;xl&quot;:&quot;none&quot;},&quot;bt_bb_bottom_spacing_&quot;:{&quot;current_class&quot;:&quot;bt_bb_bottom_spacing_large&quot;,&quot;xxl&quot;:&quot;large&quot;,&quot;xl&quot;:&quot;large&quot;}}\"><\/div><\/div><\/div><\/div><\/div><\/div><\/div><!-- cell_inner --><\/div><!-- cell --><\/div><!-- port --><\/section>","protected":false},"excerpt":{"rendered":"<p>Inform\u00e1ci\u00f3k a s\u00ediskola m\u0171k\u00f6d\u00e9s\u00e9vel \u00e9s h\u00e1zirendj\u00e9vel kapcsolatban<\/p>","protected":false},"author":1,"featured_media":2070,"parent":0,"menu_order":0,"comment_status":"closed","ping_status":"closed","template":"","meta":[],"_links":{"self":[{"href":"https:\/\/nanooksiiskola.hu\/en\/wp-json\/wp\/v2\/pages\/2473"}],"collection":[{"href":"https:\/\/nanooksiiskola.hu\/en\/wp-json\/wp\/v2\/pages"}],"about":[{"href":"https:\/\/nanooksiiskola.hu\/en\/wp-json\/wp\/v2\/types\/page"}],"author":[{"embeddable":true,"href":"https:\/\/nanooksiiskola.hu\/en\/wp-json\/wp\/v2\/users\/1"}],"replies":[{"embeddable":true,"href":"https:\/\/nanooksiiskola.hu\/en\/wp-json\/wp\/v2\/comments?post=2473"}],"version-history":[{"count":29,"href":"https:\/\/nanooksiiskola.hu\/en\/wp-json\/wp\/v2\/pages\/2473\/revisions"}],"predecessor-version":[{"id":8123,"href":"https:\/\/nanooksiiskola.hu\/en\/wp-json\/wp\/v2\/pages\/2473\/revisions\/8123"}],"wp:featuredmedia":[{"embeddable":true,"href":"https:\/\/nanooksiiskola.hu\/en\/wp-json\/wp\/v2\/media\/2070"}],"wp:attachment":[{"href":"https:\/\/nanooksiiskola.hu\/en\/wp-json\/wp\/v2\/media?parent=2473"}],"curies":[{"name":"wp","href":"https:\/\/api.w.org\/{rel}","templated":true}]}}