{"id":2497,"date":"2022-04-05T15:18:00","date_gmt":"2022-04-05T15:18:00","guid":{"rendered":"https:\/\/nanooksiiskola.hu\/?page_id=2497"},"modified":"2026-03-30T17:41:13","modified_gmt":"2026-03-30T15:41:13","slug":"intenziv-es-felnott-kurzus","status":"publish","type":"page","link":"https:\/\/nanooksiiskola.hu\/en\/intenziv-es-felnott-kurzus\/","title":{"rendered":"Intenz\u00edv vagy feln\u0151tt kurzus"},"content":{"rendered":"<p><section id=\"bt_bb_section69e76982cdb44\" class=\"bt_bb_section bt_bb_layout_boxed_1200 bt_bb_vertical_align_top bt_bb_top_spacing_large bt_bb_bottom_spacing_medium\"  data-bt-override-class=\"{&quot;bt_bb_top_spacing_&quot;:{&quot;current_class&quot;:&quot;bt_bb_top_spacing_large&quot;,&quot;xxl&quot;:&quot;large&quot;,&quot;xl&quot;:&quot;large&quot;},&quot;bt_bb_bottom_spacing_&quot;:{&quot;current_class&quot;:&quot;bt_bb_bottom_spacing_medium&quot;,&quot;xxl&quot;:&quot;medium&quot;,&quot;xl&quot;:&quot;medium&quot;}}\"><div class=\"bt_bb_port\"><div class=\"bt_bb_cell\"><div class=\"bt_bb_cell_inner\"><div class=\"bt_bb_row\"  data-bt-override-class=\"{}\"><div class=\"bt_bb_row_holder\" ><div data-bb-version=\"5.2.1\"  class=\"bt_bb_column col-xxl-3 col-xl-3 pdf-tablet-mobile-full-width bt_bb_vertical_align_top bt_bb_align_left bt_bb_padding_normal bt_bb_animation_fade_in animate\" style=\"; --column-width:3;\" data-width=\"3\" data-bt-override-class=\"{&quot;bt_bb_align_&quot;:{&quot;current_class&quot;:&quot;bt_bb_align_left&quot;,&quot;xxl&quot;:&quot;left&quot;},&quot;bt_bb_padding_&quot;:{&quot;current_class&quot;:&quot;bt_bb_padding_normal&quot;,&quot;xxl&quot;:&quot;normal&quot;}}\"><div class=\"bt_bb_column_content\"><div class=\"bt_bb_column_content_inner\"><div class=\"bt_bb_row_inner\"   data-bt-override-class=\"{}\"><div class=\"bt_bb_row_inner_holder\"  ><div  class=\"bt_bb_column_inner col-xxl-12 col-xl-12 col-xs-12 col-sm-12 col-md-12 col-lg-12 bt_bb_vertical_align_top bt_bb_align_center bt_bb_padding_text_indent bt_bb_animation_fade_in animate\"  data-width=\"12\" data-bt-override-class=\"{}\"><div class=\"bt_bb_column_inner_content\" style=\"background-color:rgba(247, 247, 247, 1); \"><div class=\"bt_bb_column_inner_content_inner\"><div class=\"bt_bb_image bt_bb_shape_square bt_bb_target_self bt_bb_align_inherit bt_bb_hover_style_simple bt_bb_content_display_always bt_bb_content_align_bottom\" data-bt-override-class=\"{&quot;bt_bb_align_&quot;:{&quot;current_class&quot;:&quot;bt_bb_align_inherit&quot;,&quot;xxl&quot;:&quot;inherit&quot;,&quot;xl&quot;:&quot;inherit&quot;}}\"><span><img width=\"1920\" height=\"1280\" src=\"https:\/\/nanooksiiskola.hu\/wp-content\/uploads\/2022\/04\/intenziv-sitanfolyamok-felnott-sioktatas.jpg\" class=\"attachment-full size-full\" alt=\"https:\/\/nanooksiiskola.hu\/wp-content\/uploads\/2022\/04\/intenziv-sitanfolyamok-felnott-sioktatas.jpg\" decoding=\"async\" loading=\"lazy\" data-full_image_src=\"https:\/\/nanooksiiskola.hu\/wp-content\/uploads\/2022\/04\/intenziv-sitanfolyamok-felnott-sioktatas.jpg\" title=\"intenziv-sitanfolyamok-felnott-sioktatas\" srcset=\"https:\/\/nanooksiiskola.hu\/wp-content\/uploads\/2022\/04\/intenziv-sitanfolyamok-felnott-sioktatas.jpg 1920w, https:\/\/nanooksiiskola.hu\/wp-content\/uploads\/2022\/04\/intenziv-sitanfolyamok-felnott-sioktatas-640x427.jpg 640w, https:\/\/nanooksiiskola.hu\/wp-content\/uploads\/2022\/04\/intenziv-sitanfolyamok-felnott-sioktatas-1280x853.jpg 1280w, https:\/\/nanooksiiskola.hu\/wp-content\/uploads\/2022\/04\/intenziv-sitanfolyamok-felnott-sioktatas-768x512.jpg 768w, https:\/\/nanooksiiskola.hu\/wp-content\/uploads\/2022\/04\/intenziv-sitanfolyamok-felnott-sioktatas-1536x1024.jpg 1536w, https:\/\/nanooksiiskola.hu\/wp-content\/uploads\/2022\/04\/intenziv-sitanfolyamok-felnott-sioktatas-18x12.jpg 18w, https:\/\/nanooksiiskola.hu\/wp-content\/uploads\/2022\/04\/intenziv-sitanfolyamok-felnott-sioktatas-320x213.jpg 320w, https:\/\/nanooksiiskola.hu\/wp-content\/uploads\/2022\/04\/intenziv-sitanfolyamok-felnott-sioktatas-600x400.jpg 600w\" sizes=\"(max-width: 1920px) 100vw, 1920px\" \/><\/span><\/div><div class=\"bt_bb_icon btMoveIconUp bt_bb_color_scheme_6 bt_bb_style_filled-border bt_bb_size_xlarge bt_bb_shape_circle bt_bb_target_self bt_bb_text_empty bt_bb_align_inherit bt_bb_style_filled bt_bb_style_border\" style=\".bt_bb_color_scheme_6.bt_bb_icon.bt_bb_style_filled .bt_bb_icon_holder:before { box-shadow: 0 0 0 1em inset #19C63E !important;}; --primary-color:#ffffff; --secondary-color:#3da3e6;\" data-bt-override-class=\"{&quot;bt_bb_size_&quot;:{&quot;current_class&quot;:&quot;bt_bb_size_xlarge&quot;,&quot;xxl&quot;:&quot;xlarge&quot;,&quot;xl&quot;:&quot;xlarge&quot;},&quot;bt_bb_align_&quot;:{&quot;current_class&quot;:&quot;bt_bb_align_inherit&quot;,&quot;xxl&quot;:&quot;inherit&quot;,&quot;xl&quot;:&quot;inherit&quot;}}\"><a href=\"#\"  target=\"_self\"   data-ico-award=\"&#xf10e;\" class=\"bt_bb_icon_holder\"><\/a><\/div><div class=\"bt_bb_separator bt_bb_border_style_none bt_bb_bottom_spacing_small\" data-bt-override-class=\"null\"><\/div><header class=\"bt_bb_headline bt_bb_color_scheme_8 bt_bb_dash_none bt_bb_size_small bt_bb_align_inherit\" style=\"; --primary-color:#3da3e6; --secondary-color:#ffffff;\" data-bt-override-class=\"{&quot;bt_bb_size_&quot;:{&quot;current_class&quot;:&quot;bt_bb_size_small&quot;,&quot;xxl&quot;:&quot;small&quot;,&quot;xl&quot;:&quot;small&quot;},&quot;bt_bb_align_&quot;:{&quot;current_class&quot;:&quot;bt_bb_align_inherit&quot;,&quot;xxl&quot;:&quot;inherit&quot;,&quot;xl&quot;:&quot;inherit&quot;}}\"><h2 class=\"bt_bb_headline_tag\"><span class=\"bt_bb_headline_content\"><span>INTENSIVE COURSES<\/span><\/span><\/h2><\/header><div class=\"bt_bb_separator bt_bb_border_style_none bt_bb_bottom_spacing_normal\" data-bt-override-class=\"null\"><\/div><div  class=\"bt_bb_text\" ><\/p>\n<ul>\n<li style=\"text-align: left;\">4 \u00e9ves kort\u00f3l \u2013 103-ig<\/li>\n<li style=\"text-align: left;\"><strong>\u0150szi 5 x 75 perc \/ 5 nap<\/strong><\/li>\n<li style=\"text-align: left;\"><strong>T\u00e9li 4 x 75 perc \/ 4 nap<\/strong><\/li>\n<li style=\"text-align: left;\"><strong>Tavaszi 4 x 75 perc \/ 4 nap<\/strong><\/li>\n<li style=\"text-align: left;\">free use of equipment<\/li>\n<li style=\"text-align: left;\">replacement of the occasion is not possible<\/li>\n<li style=\"text-align: left;\">no sibling discount<\/li>\n<li style=\"text-align: left;\">in all weather conditions<\/li>\n<li style=\"text-align: left;\"><strong>50 000 Ft\/ f\u0151<\/strong><\/li>\n<\/ul>\n<p>\n<\/div><\/div><\/div><\/div><\/div><\/div><div class=\"bt_bb_separator bt_bb_border_style_none bt_bb_bottom_spacing_medium\" data-bt-override-class=\"null\"><\/div><\/div><\/div><\/div><div  class=\"bt_bb_column col-xxl-9 col-xl-9 bt_bb_vertical_align_top bt_bb_align_center bt_bb_padding_normal bt_bb_animation_fade_in animate\" style=\"; --column-width:9;\" data-width=\"9\" data-bt-override-class=\"{}\"><div class=\"bt_bb_column_content\"><div class=\"bt_bb_column_content_inner\"><table data-bb-version=\"5.3.7\" class=\"bt_bb_table\"><tr class=\"bt_bb_table_row\"><td class=\"bt_bb_table_value\"><span>COURSE<\/span><\/td><td class=\"bt_bb_table_value\"><span>BEGINS<\/span><\/td><td class=\"bt_bb_table_value\"><span>DATE<\/span><\/td><td class=\"bt_bb_table_value\"><span>APPLICATION<br \/><\/span><\/td><\/tr><tr class=\"bt_bb_table_row btMarkedRow\"><td class=\"bt_bb_table_value\"><span>TAVASZI INTENZ\u00cdV S\u00cd KEZD\u0150<\/span><\/td><td class=\"bt_bb_table_value\"><span>\u00c1PR. 7 - 10<\/span><\/td><td class=\"bt_bb_table_value\"><span>09:00<\/span><\/td><td class=\"bt_bb_table_value\"><span>\u00daJBUDA<br \/><\/span><\/td><\/tr><tr class=\"bt_bb_table_row btMarkedRow\"><td class=\"bt_bb_table_value\"><span>TAVASZI INTENZ\u00cdV S\u00cd HALAD\u00d3<\/span><\/td><td class=\"bt_bb_table_value\"><span>\u00c1PR. 7 - 10<\/span><\/td><td class=\"bt_bb_table_value\"><span>10:30<\/span><\/td><td class=\"bt_bb_table_value\"><span>\u00daJBUDA<br \/><\/span><\/td><\/tr><tr class=\"bt_bb_table_row btMarkedRow\"><td class=\"bt_bb_table_value\"><span>TAVASZI INTENZ\u00cdV S\u00cd KEZD\u0150<\/span><\/td><td class=\"bt_bb_table_value\"><span>\u00c1PR. 7 - 10<\/span><\/td><td class=\"bt_bb_table_value\"><span>09:00<\/span><\/td><td class=\"bt_bb_table_value\"><span>CSEPEL<br \/><\/span><\/td><\/tr><tr class=\"bt_bb_table_row btMarkedRow\"><td class=\"bt_bb_table_value\"><span>TAVASZI INTENZ\u00cdV S\u00cd HALAD\u00d3<\/span><\/td><td class=\"bt_bb_table_value\"><span>\u00c1PR. 7 - 10<\/span><\/td><td class=\"bt_bb_table_value\"><span>10:30<\/span><\/td><td class=\"bt_bb_table_value\"><span>CSEPEL<\/span><\/td><\/tr><\/table><div class=\"bt_bb_separator bt_bb_border_style_none bt_bb_bottom_spacing_medium\" data-bt-override-class=\"null\"><\/div><\/div><\/div><\/div><\/div><\/div><\/div><!-- cell_inner --><\/div><!-- cell --><\/div><!-- port --><\/section><section id=\"bt_bb_section69e76982ceb40\" class=\"bt_bb_section bt_bb_layout_boxed_1200 bt_bb_vertical_align_top bt_bb_top_spacing_large bt_bb_bottom_spacing_medium\"  data-bt-override-class=\"{&quot;bt_bb_top_spacing_&quot;:{&quot;current_class&quot;:&quot;bt_bb_top_spacing_large&quot;,&quot;xxl&quot;:&quot;large&quot;,&quot;xl&quot;:&quot;large&quot;},&quot;bt_bb_bottom_spacing_&quot;:{&quot;current_class&quot;:&quot;bt_bb_bottom_spacing_medium&quot;,&quot;xxl&quot;:&quot;medium&quot;,&quot;xl&quot;:&quot;medium&quot;}}\"><div class=\"bt_bb_port\"><div class=\"bt_bb_cell\"><div class=\"bt_bb_cell_inner\"><div class=\"bt_bb_row\"  data-bt-override-class=\"{}\"><div class=\"bt_bb_row_holder\" ><div data-bb-version=\"5.2.1\"  class=\"bt_bb_column col-xxl-3 col-xl-3 pdf-tablet-mobile-full-width bt_bb_vertical_align_top bt_bb_align_left bt_bb_padding_normal bt_bb_animation_fade_in animate\" style=\"; --column-width:3;\" data-width=\"3\" data-bt-override-class=\"{&quot;bt_bb_align_&quot;:{&quot;current_class&quot;:&quot;bt_bb_align_left&quot;,&quot;xxl&quot;:&quot;left&quot;},&quot;bt_bb_padding_&quot;:{&quot;current_class&quot;:&quot;bt_bb_padding_normal&quot;,&quot;xxl&quot;:&quot;normal&quot;}}\"><div class=\"bt_bb_column_content\"><div class=\"bt_bb_column_content_inner\"><div class=\"bt_bb_row_inner\"   data-bt-override-class=\"{}\"><div class=\"bt_bb_row_inner_holder\"  ><div  class=\"bt_bb_column_inner col-xxl-12 col-xl-12 col-xs-12 col-sm-12 col-md-12 col-lg-12 bt_bb_vertical_align_top bt_bb_align_center bt_bb_padding_text_indent bt_bb_animation_fade_in animate\"  data-width=\"12\" data-bt-override-class=\"{}\"><div class=\"bt_bb_column_inner_content\" style=\"background-color:rgba(247, 247, 247, 1); \"><div class=\"bt_bb_column_inner_content_inner\"><div class=\"bt_bb_image bt_bb_shape_square bt_bb_target_self bt_bb_align_inherit bt_bb_hover_style_simple bt_bb_content_display_always bt_bb_content_align_bottom\" data-bt-override-class=\"{&quot;bt_bb_align_&quot;:{&quot;current_class&quot;:&quot;bt_bb_align_inherit&quot;,&quot;xxl&quot;:&quot;inherit&quot;,&quot;xl&quot;:&quot;inherit&quot;}}\"><span><img width=\"1920\" height=\"1280\" src=\"https:\/\/nanooksiiskola.hu\/wp-content\/uploads\/2022\/04\/intenziv-sitanfolyamok-felnott-sioktatas.jpg\" class=\"attachment-full size-full\" alt=\"https:\/\/nanooksiiskola.hu\/wp-content\/uploads\/2022\/04\/intenziv-sitanfolyamok-felnott-sioktatas.jpg\" decoding=\"async\" loading=\"lazy\" data-full_image_src=\"https:\/\/nanooksiiskola.hu\/wp-content\/uploads\/2022\/04\/intenziv-sitanfolyamok-felnott-sioktatas.jpg\" title=\"intenziv-sitanfolyamok-felnott-sioktatas\" srcset=\"https:\/\/nanooksiiskola.hu\/wp-content\/uploads\/2022\/04\/intenziv-sitanfolyamok-felnott-sioktatas.jpg 1920w, https:\/\/nanooksiiskola.hu\/wp-content\/uploads\/2022\/04\/intenziv-sitanfolyamok-felnott-sioktatas-640x427.jpg 640w, https:\/\/nanooksiiskola.hu\/wp-content\/uploads\/2022\/04\/intenziv-sitanfolyamok-felnott-sioktatas-1280x853.jpg 1280w, https:\/\/nanooksiiskola.hu\/wp-content\/uploads\/2022\/04\/intenziv-sitanfolyamok-felnott-sioktatas-768x512.jpg 768w, https:\/\/nanooksiiskola.hu\/wp-content\/uploads\/2022\/04\/intenziv-sitanfolyamok-felnott-sioktatas-1536x1024.jpg 1536w, https:\/\/nanooksiiskola.hu\/wp-content\/uploads\/2022\/04\/intenziv-sitanfolyamok-felnott-sioktatas-18x12.jpg 18w, https:\/\/nanooksiiskola.hu\/wp-content\/uploads\/2022\/04\/intenziv-sitanfolyamok-felnott-sioktatas-320x213.jpg 320w, https:\/\/nanooksiiskola.hu\/wp-content\/uploads\/2022\/04\/intenziv-sitanfolyamok-felnott-sioktatas-600x400.jpg 600w\" sizes=\"(max-width: 1920px) 100vw, 1920px\" \/><\/span><\/div><div class=\"bt_bb_icon btMoveIconUp bt_bb_color_scheme_6 bt_bb_style_filled-border bt_bb_size_xlarge bt_bb_shape_circle bt_bb_target_self bt_bb_text_empty bt_bb_align_inherit bt_bb_style_filled bt_bb_style_border\" style=\"; --primary-color:#ffffff; --secondary-color:#3da3e6;\" data-bt-override-class=\"{&quot;bt_bb_size_&quot;:{&quot;current_class&quot;:&quot;bt_bb_size_xlarge&quot;,&quot;xxl&quot;:&quot;xlarge&quot;,&quot;xl&quot;:&quot;xlarge&quot;},&quot;bt_bb_align_&quot;:{&quot;current_class&quot;:&quot;bt_bb_align_inherit&quot;,&quot;xxl&quot;:&quot;inherit&quot;,&quot;xl&quot;:&quot;inherit&quot;}}\"><a href=\"#\"  target=\"_self\"   data-ico-award=\"&#xf10e;\" class=\"bt_bb_icon_holder\"><\/a><\/div><div class=\"bt_bb_separator bt_bb_border_style_none bt_bb_bottom_spacing_small\" data-bt-override-class=\"null\"><\/div><header class=\"bt_bb_headline bt_bb_color_scheme_8 bt_bb_dash_none bt_bb_size_small bt_bb_align_inherit\" style=\"; --primary-color:#3da3e6; --secondary-color:#ffffff;\" data-bt-override-class=\"{&quot;bt_bb_size_&quot;:{&quot;current_class&quot;:&quot;bt_bb_size_small&quot;,&quot;xxl&quot;:&quot;small&quot;,&quot;xl&quot;:&quot;small&quot;},&quot;bt_bb_align_&quot;:{&quot;current_class&quot;:&quot;bt_bb_align_inherit&quot;,&quot;xxl&quot;:&quot;inherit&quot;,&quot;xl&quot;:&quot;inherit&quot;}}\"><h2 class=\"bt_bb_headline_tag\"><span class=\"bt_bb_headline_content\"><span>ADULT COURSES<\/span><\/span><\/h2><\/header><div class=\"bt_bb_separator bt_bb_border_style_none bt_bb_bottom_spacing_normal\" data-bt-override-class=\"null\"><\/div><div  class=\"bt_bb_text\" ><\/p>\n<ul>\n<li style=\"text-align: left;\">6\u00d7 75 perc<\/li>\n<li style=\"text-align: left;\">heti 1 alkalmas<\/li>\n<li style=\"text-align: left;\">Age gorup: from 15 yrs<\/li>\n<li style=\"text-align: left;\">free use of equipment<\/li>\n<li style=\"text-align: left;\">replacement of the occasion is not possible<\/li>\n<li style=\"text-align: left;\"><strong>60 000 Ft \/ f\u0151<\/strong><\/li>\n<\/ul>\n<p>\n<\/div><\/div><\/div><\/div><\/div><\/div><div class=\"bt_bb_separator bt_bb_border_style_none bt_bb_bottom_spacing_medium\" data-bt-override-class=\"null\"><\/div><\/div><\/div><\/div><div  class=\"bt_bb_column col-xxl-9 col-xl-9 bt_bb_vertical_align_top bt_bb_align_center bt_bb_padding_normal bt_bb_animation_fade_in animate\" style=\"; --column-width:9;\" data-width=\"9\" data-bt-override-class=\"{}\"><div class=\"bt_bb_column_content\"><div class=\"bt_bb_column_content_inner\"><table data-bb-version=\"5.3.7\" class=\"bt_bb_table\"><tr class=\"bt_bb_table_row\"><td class=\"bt_bb_table_value\"><span>T\u00cdPUS<\/span><\/td><td class=\"bt_bb_table_value\"><span>DAY<\/span><\/td><td class=\"bt_bb_table_value\"><span>BEGINS<\/span><\/td><td class=\"bt_bb_table_value\"><span>DATE<\/span><\/td><td class=\"bt_bb_table_value\"><span>APPLICATION<br \/><\/span><\/td><\/tr><tr class=\"bt_bb_table_row btMarkedRow\"><td class=\"bt_bb_table_value\"><span>KEZD\u0150 FELN\u0150TT<\/span><\/td><td class=\"bt_bb_table_value\"><span> WEDNESDAY<\/span><\/td><td class=\"bt_bb_table_value\"><span>19:00<\/span><\/td><td class=\"bt_bb_table_value\"><span>FEBR. 4.<\/span><\/td><td class=\"bt_bb_table_value\"><span>\u00daJBUDA<br \/><\/span><\/td><\/tr><tr class=\"bt_bb_table_row btMarkedRow\"><td class=\"bt_bb_table_value\"><span>KEZD\u0150 FELN\u0150TT<\/span><\/td><td class=\"bt_bb_table_value\"><span> FRIDAY<\/span><\/td><td class=\"bt_bb_table_value\"><span>19:00<\/span><\/td><td class=\"bt_bb_table_value\"><span>FEBR. 6.<\/span><\/td><td class=\"bt_bb_table_value\"><span>\u00daJBUDA<br \/><\/span><\/td><\/tr><tr class=\"bt_bb_table_row btMarkedRow\"><td class=\"bt_bb_table_value\"><span>KEZD\u0150 FELN\u0150TT<\/span><\/td><td class=\"bt_bb_table_value\"><span> MONDAY <\/span><\/td><td class=\"bt_bb_table_value\"><span>19:00<\/span><\/td><td class=\"bt_bb_table_value\"><span>FEBR . 9.<\/span><\/td><td class=\"bt_bb_table_value\"><span>CSEPEL<br \/><\/span><\/td><\/tr><tr class=\"bt_bb_table_row btMarkedRow\"><td class=\"bt_bb_table_value\"><span>KEZD\u0150 FELN\u0150TT<\/span><\/td><td class=\"bt_bb_table_value\"><span> FRIDAY<\/span><\/td><td class=\"bt_bb_table_value\"><span>18:00<\/span><\/td><td class=\"bt_bb_table_value\"><span>FEBR 7.<\/span><\/td><td class=\"bt_bb_table_value\"><span>CSEPEL<br \/><\/span><\/td><\/tr><\/table><div class=\"bt_bb_separator bt_bb_border_style_none bt_bb_bottom_spacing_medium\" data-bt-override-class=\"null\"><\/div><\/div><\/div><\/div><\/div><\/div><\/div><!-- cell_inner --><\/div><!-- cell --><\/div><!-- port --><\/section><\/p>","protected":false},"excerpt":{"rendered":"<p>Adult beginner ski courses from 15 years of age. Intensive courses during school holidays.<\/p>","protected":false},"author":1,"featured_media":1937,"parent":0,"menu_order":0,"comment_status":"closed","ping_status":"closed","template":"","meta":[],"_links":{"self":[{"href":"https:\/\/nanooksiiskola.hu\/en\/wp-json\/wp\/v2\/pages\/2497"}],"collection":[{"href":"https:\/\/nanooksiiskola.hu\/en\/wp-json\/wp\/v2\/pages"}],"about":[{"href":"https:\/\/nanooksiiskola.hu\/en\/wp-json\/wp\/v2\/types\/page"}],"author":[{"embeddable":true,"href":"https:\/\/nanooksiiskola.hu\/en\/wp-json\/wp\/v2\/users\/1"}],"replies":[{"embeddable":true,"href":"https:\/\/nanooksiiskola.hu\/en\/wp-json\/wp\/v2\/comments?post=2497"}],"version-history":[{"count":69,"href":"https:\/\/nanooksiiskola.hu\/en\/wp-json\/wp\/v2\/pages\/2497\/revisions"}],"predecessor-version":[{"id":8084,"href":"https:\/\/nanooksiiskola.hu\/en\/wp-json\/wp\/v2\/pages\/2497\/revisions\/8084"}],"wp:featuredmedia":[{"embeddable":true,"href":"https:\/\/nanooksiiskola.hu\/en\/wp-json\/wp\/v2\/media\/1937"}],"wp:attachment":[{"href":"https:\/\/nanooksiiskola.hu\/en\/wp-json\/wp\/v2\/media?parent=2497"}],"curies":[{"name":"wp","href":"https:\/\/api.w.org\/{rel}","templated":true}]}}