{"id":2782,"date":"2022-07-03T20:33:46","date_gmt":"2022-07-03T20:33:46","guid":{"rendered":"https:\/\/nanooksiiskola.hu\/?page_id=2782"},"modified":"2026-04-22T17:00:37","modified_gmt":"2026-04-22T15:00:37","slug":"maganorak","status":"publish","type":"page","link":"https:\/\/nanooksiiskola.hu\/en\/sioktatas\/maganorak\/","title":{"rendered":"Mag\u00e1n\u00f3r\u00e1k"},"content":{"rendered":"<p><section id=\"bt_bb_section69f7129fb6cdc\" class=\"bt_bb_section bt_bb_color_scheme_2 bt_bb_layout_boxed_left_right_1200 bt_bb_vertical_align_top bt_bb_top_spacing_none bt_bb_bottom_spacing_none bt_bb_top_negative_margin_medium bt_bb_highlight_shadow\" style=\"; --section-primary-color:#191919; --section-secondary-color:#ffffff;\" data-bt-override-class=\"{&quot;bt_bb_top_spacing_&quot;:{&quot;current_class&quot;:&quot;bt_bb_top_spacing_none&quot;,&quot;xxl&quot;:&quot;none&quot;,&quot;xl&quot;:&quot;none&quot;},&quot;bt_bb_bottom_spacing_&quot;:{&quot;current_class&quot;:&quot;bt_bb_bottom_spacing_none&quot;,&quot;xxl&quot;:&quot;none&quot;,&quot;xl&quot;:&quot;none&quot;}}\"><div class=\"bt_bb_port\"><div class=\"bt_bb_cell\"><div class=\"bt_bb_cell_inner\"><div class=\"bt_bb_row\"  data-bt-override-class=\"{}\"><div class=\"bt_bb_row_holder\" ><div  class=\"bt_bb_column col-xxl-6 col-xl-6 bt_bb_vertical_align_middle bt_bb_align_center bt_bb_column_background_image bt_bb_padding_none bt_bb_animation_fade_in animate\" style=\"background-image:url(&#039;https:\/\/nanooksiiskola.hu\/wp-content\/uploads\/2022\/07\/nanook-maganora-1.jpg&#039;);; --column-width:6;\" data-width=\"6\" data-bt-override-class=\"{&quot;bt_bb_align_&quot;:{&quot;current_class&quot;:&quot;bt_bb_align_center&quot;,&quot;xxl&quot;:&quot;center&quot;,&quot;xl&quot;:&quot;center&quot;},&quot;bt_bb_padding_&quot;:{&quot;current_class&quot;:&quot;bt_bb_padding_none&quot;,&quot;xxl&quot;:&quot;none&quot;,&quot;xl&quot;:&quot;none&quot;}}\"><div class=\"bt_bb_column_content\"><div class=\"bt_bb_column_content_inner\"><\/div><\/div><\/div><div  class=\"bt_bb_column col-xxl-6 col-xl-6 bt_bb_vertical_align_middle bt_bb_align_left bt_bb_padding_normal bt_bb_animation_fade_in animate\" style=\"; --column-width:6;\" data-width=\"6\" data-bt-override-class=\"{}\"><div class=\"bt_bb_column_content\"><div class=\"bt_bb_column_content_inner\"><div class=\"bt_bb_separator bt_bb_border_style_none bt_bb_top_spacing_normal bt_bb_bottom_spacing_none\" data-bt-override-class=\"{&quot;bt_bb_top_spacing_&quot;:{&quot;current_class&quot;:&quot;bt_bb_top_spacing_normal&quot;,&quot;xxl&quot;:&quot;normal&quot;,&quot;xl&quot;:&quot;normal&quot;},&quot;bt_bb_bottom_spacing_&quot;:{&quot;current_class&quot;:&quot;bt_bb_bottom_spacing_none&quot;,&quot;xxl&quot;:&quot;none&quot;,&quot;xl&quot;:&quot;none&quot;}}\"><\/div><header class=\"bt_bb_headline bt_bb_font_weight_light bt_bb_color_scheme_5 bt_bb_dash_none bt_bb_subheadline bt_bb_size_large bt_bb_align_inherit\" style=\"; --primary-color:#191919; --secondary-color:#3da3e6;\" data-bt-override-class=\"{&quot;bt_bb_size_&quot;:{&quot;current_class&quot;:&quot;bt_bb_size_large&quot;,&quot;xxl&quot;:&quot;large&quot;,&quot;xl&quot;:&quot;large&quot;},&quot;bt_bb_align_&quot;:{&quot;current_class&quot;:&quot;bt_bb_align_inherit&quot;,&quot;xxl&quot;:&quot;inherit&quot;,&quot;xl&quot;:&quot;inherit&quot;}}\"><h2 class=\"bt_bb_headline_tag\"><span class=\"bt_bb_headline_content\"><span>PRIVATE <strong>HOUR <\/strong><\/span><\/span><\/h2><div class=\"bt_bb_headline_subheadline\">Szeretn\u00e9l szem\u00e9lyreszabottan gyakorolni?<br \/><br \/>\nK\u00e9rj id\u0151pontot egy\u00e9ni \u00f3r\u00e1ra.<\/div><\/header><div class=\"bt_bb_separator bt_bb_border_style_none bt_bb_bottom_spacing_small\" data-bt-override-class=\"null\"><\/div><div  class=\"bt_bb_text\" ><\/p>\n<div class=\"page\">\n<div class=\"layoutArea\">\n<div class=\"column\">\n<p>Az \u00f3r\u00e1k 50 percesek \u00e9s a <strong>s\u00ed<\/strong>felszerel\u00e9st <strong>ingyen<\/strong> biztos\u00edtjuk.<\/p>\n<p>Az id\u0151pont \u00e9s az \u00f3r\u00e1k intenzit\u00e1sa az ig\u00e9nyeidnek megfelel\u0151en szabadon v\u00e1laszthat\u00f3.<\/p>\n<p>4 \u00e9ves kor alatt lehet\u0151s\u00e9g van 25 perces mag\u00e1n\u00f3r\u00e1kat is ig\u00e9nybe venni.<\/p>\n<p><strong>Snowboard oktat\u00e1s mindk\u00e9t p\u00e1ly\u00e1nkon lehets\u00e9ges. <\/strong><em>Felszerel\u00e9st csak gyerekeknek tudunk biztos\u00edtani ingyenesen.<\/em><\/p>\n<\/div>\n<\/div>\n<\/div>\n<p>\n<\/div><div class=\"bt_bb_separator bt_bb_border_style_none bt_bb_bottom_spacing_normal\" data-bt-override-class=\"null\"><\/div><\/div><\/div><\/div><\/div><\/div><\/div><!-- cell_inner --><\/div><!-- cell --><\/div><!-- port --><\/section><section id=\"bt_bb_section69f7129fb7788\" class=\"bt_bb_section bt_bb_layout_boxed_1200\"  data-bt-override-class=\"null\"><div class=\"bt_bb_port\"><div class=\"bt_bb_cell\"><div class=\"bt_bb_cell_inner\"><div class=\"bt_bb_row\"  data-bt-override-class=\"{}\"><div class=\"bt_bb_row_holder\" ><div  class=\"bt_bb_column col-xxl-12 col-xl-12 col-xs-12 col-sm-12 col-md-12 col-lg-12 bt_bb_vertical_align_top bt_bb_align_left bt_bb_padding_normal\" style=\"; --column-width:12;\" data-width=\"12\" data-bt-override-class=\"{}\"><div class=\"bt_bb_column_content\"><div class=\"bt_bb_column_content_inner\"><div class=\"bt_bb_separator bt_bb_border_style_none bt_bb_top_spacing_small bt_bb_bottom_spacing_normal\" data-bt-override-class=\"{&quot;bt_bb_top_spacing_&quot;:{&quot;current_class&quot;:&quot;bt_bb_top_spacing_small&quot;,&quot;xxl&quot;:&quot;small&quot;,&quot;xl&quot;:&quot;small&quot;},&quot;bt_bb_bottom_spacing_&quot;:{&quot;current_class&quot;:&quot;bt_bb_bottom_spacing_normal&quot;,&quot;xxl&quot;:&quot;normal&quot;,&quot;xl&quot;:&quot;normal&quot;}}\"><\/div><\/div><\/div><\/div><\/div><\/div><\/div><!-- cell_inner --><\/div><!-- cell --><\/div><!-- port --><\/section><section id=\"arlista\" class=\"bt_bb_section bt_bb_layout_boxed_left_right_1200 bt_bb_vertical_align_top bt_bb_top_spacing_medium bt_bb_bottom_spacing_medium\"  data-bt-override-class=\"{&quot;bt_bb_top_spacing_&quot;:{&quot;current_class&quot;:&quot;bt_bb_top_spacing_medium&quot;,&quot;xxl&quot;:&quot;medium&quot;,&quot;xl&quot;:&quot;medium&quot;},&quot;bt_bb_bottom_spacing_&quot;:{&quot;current_class&quot;:&quot;bt_bb_bottom_spacing_medium&quot;,&quot;xxl&quot;:&quot;medium&quot;,&quot;xl&quot;:&quot;medium&quot;}}\"><div class=\"bt_bb_port\"><div class=\"bt_bb_cell\"><div class=\"bt_bb_cell_inner\"><div data-bb-version=\"5.2.1\" class=\"bt_bb_row\"  data-bt-override-class=\"{}\"><div class=\"bt_bb_row_holder\" ><div  class=\"bt_bb_column col-xxl-12 col-xl-12 col-xs-12 col-sm-12 col-md-12 col-lg-12 bt_bb_vertical_align_top bt_bb_align_center bt_bb_padding_none bt_bb_animation_fade_in animate\" style=\"; --column-width:12;\" data-width=\"12\" data-bt-override-class=\"{&quot;bt_bb_align_&quot;:{&quot;current_class&quot;:&quot;bt_bb_align_center&quot;,&quot;xxl&quot;:&quot;center&quot;,&quot;xl&quot;:&quot;center&quot;},&quot;bt_bb_padding_&quot;:{&quot;current_class&quot;:&quot;bt_bb_padding_none&quot;,&quot;xxl&quot;:&quot;none&quot;,&quot;xl&quot;:&quot;none&quot;}}\"><div class=\"bt_bb_column_content\"><div class=\"bt_bb_column_content_inner\"><table data-bb-version=\"5.3.7\" class=\"bt_bb_table\"><tr class=\"bt_bb_table_row\"><td class=\"bt_bb_table_value\"><span>PARTICIPANTS<\/span><\/td><td class=\"bt_bb_table_value\"><span>DURATION<\/span><\/td><td class=\"bt_bb_table_value\"><span>PRICE<\/span><\/td><td class=\"bt_bb_table_value\"><span>APPLICATION<br \/><\/span><\/td><\/tr><tr class=\"bt_bb_table_row btMarkedRow\"><td class=\"bt_bb_table_value\"><span>1 PERSON<\/span><\/td><td class=\"bt_bb_table_value\"><span>50 perc<\/span><\/td><td class=\"bt_bb_table_value\"><span>15.000 Ft<\/span><\/td><td class=\"bt_bb_table_value\"><span>\u00daJBUDA \/ CSEPEL<br \/><\/span><\/td><\/tr><tr class=\"bt_bb_table_row btMarkedRow\"><td class=\"bt_bb_table_value\"><span>2 PERSON<\/span><\/td><td class=\"bt_bb_table_value\"><span>50 perc<\/span><\/td><td class=\"bt_bb_table_value\"><span>20.000 Ft<\/span><\/td><td class=\"bt_bb_table_value\"><span>\u00daJBUDA \/ CSEPEL<br \/><\/span><\/td><\/tr><tr class=\"bt_bb_table_row btMarkedRow\"><td class=\"bt_bb_table_value\"><span>3 PERSON<\/span><\/td><td class=\"bt_bb_table_value\"><span>50 perc<\/span><\/td><td class=\"bt_bb_table_value\"><span>27.000 Ft<\/span><\/td><td class=\"bt_bb_table_value\"><span>\u00daJBUDA \/ CSEPEL<br \/><\/span><\/td><\/tr><tr class=\"bt_bb_table_row btMarkedRow\"><td class=\"bt_bb_table_value\"><span>4 PERSON<\/span><\/td><td class=\"bt_bb_table_value\"><span>50 perc<\/span><\/td><td class=\"bt_bb_table_value\"><span>30.000 Ft<\/span><\/td><td class=\"bt_bb_table_value\"><span>\u00daJBUDA \/ CSEPEL<br \/><\/span><\/td><\/tr><tr class=\"bt_bb_table_row btMarkedRow\"><td class=\"bt_bb_table_value\"><span>5 PERSON<\/span><\/td><td class=\"bt_bb_table_value\"><span>50 perc<\/span><\/td><td class=\"bt_bb_table_value\"><span>35.000 Ft<\/span><\/td><td class=\"bt_bb_table_value\"><span>\u00daJBUDA \/ CSEPEL<br \/><\/span><\/td><\/tr><tr class=\"bt_bb_table_row btMarkedRow\"><td class=\"bt_bb_table_value\"><span>Pr\u00f3ba\u00f3ra<\/span><\/td><td class=\"bt_bb_table_value\"><span>15 perc<\/span><\/td><td class=\"bt_bb_table_value\"><span>6.000 Ft<\/span><\/td><td class=\"bt_bb_table_value\"><span>\u00daJBUDA \/ CSEPEL<br \/><\/span><\/td><\/tr><tr class=\"bt_bb_table_row btMarkedRow\"><td class=\"bt_bb_table_value\"><span>1 PERSON<\/span><\/td><td class=\"bt_bb_table_value\"><span> 25 perc<\/span><\/td><td class=\"bt_bb_table_value\"><span>9.000 Ft<\/span><\/td><td class=\"bt_bb_table_value\"><span>\u00daJBUDA \/ CSEPEL<br \/><\/span><\/td><\/tr><tr class=\"bt_bb_table_row btMarkedRow\"><td class=\"bt_bb_table_value\"><span>2 PERSON<\/span><\/td><td class=\"bt_bb_table_value\"><span>25 perc<\/span><\/td><td class=\"bt_bb_table_value\"><span>12.000 Ft<\/span><\/td><td class=\"bt_bb_table_value\"><span>\u00daJBUDA \/ CSEPEL<\/span><\/td><\/tr><\/table><div class=\"bt_bb_separator bt_bb_border_style_none bt_bb_top_spacing_none bt_bb_bottom_spacing_medium\" data-bt-override-class=\"{&quot;bt_bb_top_spacing_&quot;:{&quot;current_class&quot;:&quot;bt_bb_top_spacing_none&quot;,&quot;xxl&quot;:&quot;none&quot;,&quot;xl&quot;:&quot;none&quot;},&quot;bt_bb_bottom_spacing_&quot;:{&quot;current_class&quot;:&quot;bt_bb_bottom_spacing_medium&quot;,&quot;xxl&quot;:&quot;medium&quot;,&quot;xl&quot;:&quot;medium&quot;}}\"><\/div><\/div><\/div><\/div><\/div><\/div><\/div><!-- cell_inner --><\/div><!-- cell --><\/div><!-- port --><\/section><section id=\"bt_bb_section69f7129fb7c82\" class=\"bt_bb_section bt_bb_layout_boxed_1200\"  data-bt-override-class=\"null\"><div class=\"bt_bb_port\"><div class=\"bt_bb_cell\"><div class=\"bt_bb_cell_inner\"><div class=\"bt_bb_row\"  data-bt-override-class=\"{}\"><div class=\"bt_bb_row_holder\" ><div  class=\"bt_bb_column col-xxl-12 col-xl-12 col-xs-12 col-sm-12 col-md-12 col-lg-12 bt_bb_vertical_align_top bt_bb_align_left bt_bb_padding_normal\" style=\"; --column-width:12;\" data-width=\"12\" data-bt-override-class=\"{}\"><div class=\"bt_bb_column_content\"><div class=\"bt_bb_column_content_inner\"><div class=\"bt_bb_separator bt_bb_border_style_none bt_bb_top_spacing_normal bt_bb_bottom_spacing_normal\" data-bt-override-class=\"{&quot;bt_bb_top_spacing_&quot;:{&quot;current_class&quot;:&quot;bt_bb_top_spacing_normal&quot;,&quot;xxl&quot;:&quot;normal&quot;,&quot;xl&quot;:&quot;normal&quot;},&quot;bt_bb_bottom_spacing_&quot;:{&quot;current_class&quot;:&quot;bt_bb_bottom_spacing_normal&quot;,&quot;xxl&quot;:&quot;normal&quot;,&quot;xl&quot;:&quot;normal&quot;}}\"><\/div><\/div><\/div><\/div><\/div><\/div><\/div><!-- cell_inner --><\/div><!-- cell --><\/div><!-- port --><\/section><section id=\"bt_bb_section69f7129fb7df3\" class=\"bt_bb_section bt_bb_color_scheme_2 bt_bb_layout_boxed_left_right_1200 bt_bb_vertical_align_top bt_bb_top_spacing_none bt_bb_bottom_spacing_none bt_bb_highlight_shadow\" style=\"; --section-primary-color:#191919; --section-secondary-color:#ffffff;\" data-bt-override-class=\"{&quot;bt_bb_top_spacing_&quot;:{&quot;current_class&quot;:&quot;bt_bb_top_spacing_none&quot;,&quot;xxl&quot;:&quot;none&quot;,&quot;xl&quot;:&quot;none&quot;},&quot;bt_bb_bottom_spacing_&quot;:{&quot;current_class&quot;:&quot;bt_bb_bottom_spacing_none&quot;,&quot;xxl&quot;:&quot;none&quot;,&quot;xl&quot;:&quot;none&quot;}}\"><div class=\"bt_bb_port\"><div class=\"bt_bb_cell\"><div class=\"bt_bb_cell_inner\"><div class=\"bt_bb_row\"  data-bt-override-class=\"{}\"><div class=\"bt_bb_row_holder\" ><div  class=\"bt_bb_column col-xxl-6 col-xl-6 col-xs-12 col-sm-6 col-md-6 col-lg-6 bt_bb_vertical_align_middle bt_bb_align_left bt_bb_padding_normal bt_bb_animation_fade_in animate\" style=\"; --column-width:6;\" data-width=\"6\" data-bt-override-class=\"{}\"><div class=\"bt_bb_column_content\"><div class=\"bt_bb_column_content_inner\"><div class=\"bt_bb_separator bt_bb_border_style_none bt_bb_top_spacing_normal bt_bb_bottom_spacing_none\" data-bt-override-class=\"{&quot;bt_bb_top_spacing_&quot;:{&quot;current_class&quot;:&quot;bt_bb_top_spacing_normal&quot;,&quot;xxl&quot;:&quot;normal&quot;,&quot;xl&quot;:&quot;normal&quot;},&quot;bt_bb_bottom_spacing_&quot;:{&quot;current_class&quot;:&quot;bt_bb_bottom_spacing_none&quot;,&quot;xxl&quot;:&quot;none&quot;,&quot;xl&quot;:&quot;none&quot;}}\"><\/div><header class=\"bt_bb_headline bt_bb_font_weight_light bt_bb_color_scheme_5 bt_bb_dash_none bt_bb_subheadline bt_bb_size_large bt_bb_align_inherit\" style=\"; --primary-color:#191919; --secondary-color:#3da3e6;\" data-bt-override-class=\"{&quot;bt_bb_size_&quot;:{&quot;current_class&quot;:&quot;bt_bb_size_large&quot;,&quot;xxl&quot;:&quot;large&quot;,&quot;xl&quot;:&quot;large&quot;},&quot;bt_bb_align_&quot;:{&quot;current_class&quot;:&quot;bt_bb_align_inherit&quot;,&quot;xxl&quot;:&quot;inherit&quot;,&quot;xl&quot;:&quot;inherit&quot;}}\"><h2 class=\"bt_bb_headline_tag\"><span class=\"bt_bb_headline_content\"><span>7 + 1 <strong> PASS <\/strong><\/span><\/span><\/h2><div class=\"bt_bb_headline_subheadline\">Ha b\u00e9rletet veszel adunk +1 \u00f3r\u00e1t aj\u00e1nd\u00e9kba.<br \/><br \/>\nV\u00e1laszd kedvez\u0151 konstrukci\u00f3nkat \u00e9s tanulj kedvezm\u00e9nyesen. <\/div><\/header><div class=\"bt_bb_separator bt_bb_border_style_none bt_bb_bottom_spacing_small\" data-bt-override-class=\"null\"><\/div><div  class=\"bt_bb_text\" ><\/p>\n<div class=\"page\">\n<div class=\"layoutArea\">\n<div class=\"column\">\n<div class=\"page\">\n<div class=\"layoutArea\">\n<div class=\"column\">\n<p>A +1 alkalom <strong>egy\u00f6sszeg\u0171<\/strong> fizet\u00e9s eset\u00e9n \u00e9rv\u00e9nyes.<\/p>\n<p>Az \u00f3ra 50 perces \u00e9s a felszerel\u00e9st <strong>ingyen<\/strong> adjuk az \u00f3r\u00e1hoz.<\/p>\n<p>Az adott szezonban\u00a0 <strong>DECEMBER 31-ig<\/strong> lehet b\u00e9rletet v\u00e1s\u00e1rolni, \u00e9s a szezon v\u00e9g\u00e9ig \u00e9rv\u00e9nyesek.<\/p>\n<p>The partial amount of multi-person passes cannot be refunded if fewer people use them on the given occasion.<\/p>\n<p>An unexpired pass cannot be transferred to the next season and cannot be redeemed!<\/p>\n<\/div>\n<\/div>\n<\/div>\n<\/div>\n<\/div>\n<\/div>\n<p>\n<\/div><div class=\"bt_bb_separator bt_bb_border_style_none bt_bb_bottom_spacing_normal\" data-bt-override-class=\"null\"><\/div><\/div><\/div><\/div><div  class=\"bt_bb_column col-xxl-6 col-xl-6 col-xs-12 col-sm-6 col-md-6 col-lg-6 bt_bb_vertical_align_middle bt_bb_align_left bt_bb_column_background_image bt_bb_padding_none bt_bb_animation_fade_in animate\" style=\"background-image:url(&#039;https:\/\/nanooksiiskola.hu\/wp-content\/uploads\/2022\/07\/nanook-egyeni-oktatas-berlet.jpg&#039;);; --column-width:6;\" data-width=\"6\" data-bt-override-class=\"{&quot;bt_bb_align_&quot;:{&quot;current_class&quot;:&quot;bt_bb_align_left&quot;,&quot;xxl&quot;:&quot;left&quot;,&quot;xl&quot;:&quot;left&quot;},&quot;bt_bb_padding_&quot;:{&quot;current_class&quot;:&quot;bt_bb_padding_none&quot;,&quot;xxl&quot;:&quot;none&quot;,&quot;xl&quot;:&quot;none&quot;}}\"><div class=\"bt_bb_column_content\"><div class=\"bt_bb_column_content_inner\"><\/div><\/div><\/div><\/div><\/div><\/div><!-- cell_inner --><\/div><!-- cell --><\/div><!-- port --><\/section><section id=\"bt_bb_section69f7129fb83c1\" class=\"bt_bb_section bt_bb_layout_boxed_1200\"  data-bt-override-class=\"null\"><div class=\"bt_bb_port\"><div class=\"bt_bb_cell\"><div class=\"bt_bb_cell_inner\"><div class=\"bt_bb_row\"  data-bt-override-class=\"{}\"><div class=\"bt_bb_row_holder\" ><div  class=\"bt_bb_column col-xxl-12 col-xl-12 col-xs-12 col-sm-12 col-md-12 col-lg-12 bt_bb_vertical_align_top bt_bb_align_left bt_bb_padding_normal\" style=\"; --column-width:12;\" data-width=\"12\" data-bt-override-class=\"{}\"><div class=\"bt_bb_column_content\"><div class=\"bt_bb_column_content_inner\"><div class=\"bt_bb_separator bt_bb_border_style_none bt_bb_top_spacing_small bt_bb_bottom_spacing_normal\" data-bt-override-class=\"{&quot;bt_bb_top_spacing_&quot;:{&quot;current_class&quot;:&quot;bt_bb_top_spacing_small&quot;,&quot;xxl&quot;:&quot;small&quot;,&quot;xl&quot;:&quot;small&quot;},&quot;bt_bb_bottom_spacing_&quot;:{&quot;current_class&quot;:&quot;bt_bb_bottom_spacing_normal&quot;,&quot;xxl&quot;:&quot;normal&quot;,&quot;xl&quot;:&quot;normal&quot;}}\"><\/div><\/div><\/div><\/div><\/div><\/div><\/div><!-- cell_inner --><\/div><!-- cell --><\/div><!-- port --><\/section><section id=\"arlista\" class=\"bt_bb_section bt_bb_layout_boxed_1200 bt_bb_vertical_align_top bt_bb_top_spacing_medium bt_bb_bottom_spacing_medium\"  data-bt-override-class=\"{&quot;bt_bb_top_spacing_&quot;:{&quot;current_class&quot;:&quot;bt_bb_top_spacing_medium&quot;,&quot;xxl&quot;:&quot;medium&quot;,&quot;xl&quot;:&quot;medium&quot;},&quot;bt_bb_bottom_spacing_&quot;:{&quot;current_class&quot;:&quot;bt_bb_bottom_spacing_medium&quot;,&quot;xxl&quot;:&quot;medium&quot;,&quot;xl&quot;:&quot;medium&quot;}}\"><div class=\"bt_bb_port\"><div class=\"bt_bb_cell\"><div class=\"bt_bb_cell_inner\"><div class=\"bt_bb_row  bt_bb_hidden_lg\"  data-bt-override-class=\"{}\"><div class=\"bt_bb_row_holder\" ><div  class=\"bt_bb_column col-xxl-12 col-xl-12 col-xs-12 col-sm-12 col-md-12 col-lg-12 bt_bb_vertical_align_top bt_bb_align_center bt_bb_padding_none bt_bb_animation_fade_in animate\" style=\"; --column-width:12;\" data-width=\"12\" data-bt-override-class=\"{&quot;bt_bb_align_&quot;:{&quot;current_class&quot;:&quot;bt_bb_align_center&quot;,&quot;xxl&quot;:&quot;center&quot;,&quot;xl&quot;:&quot;center&quot;},&quot;bt_bb_padding_&quot;:{&quot;current_class&quot;:&quot;bt_bb_padding_none&quot;,&quot;xxl&quot;:&quot;none&quot;,&quot;xl&quot;:&quot;none&quot;,&quot;md&quot;:&quot;5&quot;,&quot;sm&quot;:&quot;5&quot;,&quot;xs&quot;:&quot;5&quot;}}\"><div class=\"bt_bb_column_content\"><div class=\"bt_bb_column_content_inner\"><table data-bb-version=\"5.3.7\" class=\"bt_bb_table\"><tr class=\"bt_bb_table_row\"><td class=\"bt_bb_table_value\"><span>PARTICIPANTS<\/span><\/td><td class=\"bt_bb_table_value\"><span>DURATION<\/span><\/td><td class=\"bt_bb_table_value\"><span>PRICE<\/span><\/td><td class=\"bt_bb_table_value\"><span>APPLICATION<br \/><\/span><\/td><\/tr><tr class=\"bt_bb_table_row btMarkedRow\"><td class=\"bt_bb_table_value\"><span>1 PERSON<\/span><\/td><td class=\"bt_bb_table_value\"><span>7+1 occasion<\/span><\/td><td class=\"bt_bb_table_value\"><span>105.000 Ft<\/span><\/td><td class=\"bt_bb_table_value\"><span>\u00daJBUDA \/ CSEPEL<br \/><\/span><\/td><\/tr><tr class=\"bt_bb_table_row btMarkedRow\"><td class=\"bt_bb_table_value\"><span>2 PERSON<\/span><\/td><td class=\"bt_bb_table_value\"><span>7+1 occasion<\/span><\/td><td class=\"bt_bb_table_value\"><span>140.000 Ft<\/span><\/td><td class=\"bt_bb_table_value\"><span>\u00daJBUDA \/ CSEPEL<br \/><\/span><\/td><\/tr><tr class=\"bt_bb_table_row btMarkedRow\"><td class=\"bt_bb_table_value\"><span>3 PERSON<\/span><\/td><td class=\"bt_bb_table_value\"><span>7+1 occasion<\/span><\/td><td class=\"bt_bb_table_value\"><span>189.000 Ft<\/span><\/td><td class=\"bt_bb_table_value\"><span>\u00daJBUDA \/ CSEPEL<br \/><\/span><\/td><\/tr><tr class=\"bt_bb_table_row btMarkedRow\"><td class=\"bt_bb_table_value\"><span>4 PERSON<\/span><\/td><td class=\"bt_bb_table_value\"><span>7+1 occasion<\/span><\/td><td class=\"bt_bb_table_value\"><span>210.000 Ft<\/span><\/td><td class=\"bt_bb_table_value\"><span>\u00daJBUDA \/ CSEPEL<br \/><\/span><\/td><\/tr><tr class=\"bt_bb_table_row btMarkedRow\"><td class=\"bt_bb_table_value\"><span>5 PERSON<\/span><\/td><td class=\"bt_bb_table_value\"><span>7+1 occasion<\/span><\/td><td class=\"bt_bb_table_value\"><span>245.000 Ft<\/span><\/td><td class=\"bt_bb_table_value\"><span>\u00daJBUDA \/ CSEPEL<br \/><\/span><\/td><\/tr><\/table><div class=\"bt_bb_separator bt_bb_border_style_none bt_bb_top_spacing_none bt_bb_bottom_spacing_medium\" data-bt-override-class=\"{&quot;bt_bb_top_spacing_&quot;:{&quot;current_class&quot;:&quot;bt_bb_top_spacing_none&quot;,&quot;xxl&quot;:&quot;none&quot;,&quot;xl&quot;:&quot;none&quot;},&quot;bt_bb_bottom_spacing_&quot;:{&quot;current_class&quot;:&quot;bt_bb_bottom_spacing_medium&quot;,&quot;xxl&quot;:&quot;medium&quot;,&quot;xl&quot;:&quot;medium&quot;}}\"><\/div><\/div><\/div><\/div><\/div><\/div><div class=\"bt_bb_row bt_bb_row_push_right bt_bb_row_push_left bt_bb_content_wide bt_bb_row_width_boxed_1200 bt_bb_row_width_boxed\"  data-bt-override-class=\"{}\"><div class=\"bt_bb_row_holder\" ><div  class=\"bt_bb_column col-xxl-12 col-xl-12 col-xs-12 col-sm-12 col-md-12 col-lg-12 bt_bb_vertical_align_top bt_bb_align_center bt_bb_padding_normal bt_bb_animation_fade_in animate bt_bb_hidden_xs bt_bb_hidden_ms bt_bb_hidden_sm bt_bb_hidden_md\" style=\"; --column-width:12;\" data-width=\"12\" data-bt-override-class=\"{&quot;bt_bb_align_&quot;:{&quot;current_class&quot;:&quot;bt_bb_align_center&quot;,&quot;xxl&quot;:&quot;center&quot;,&quot;xl&quot;:&quot;center&quot;},&quot;bt_bb_padding_&quot;:{&quot;current_class&quot;:&quot;bt_bb_padding_normal&quot;,&quot;xxl&quot;:&quot;normal&quot;,&quot;xl&quot;:&quot;normal&quot;,&quot;md&quot;:&quot;5&quot;,&quot;sm&quot;:&quot;5&quot;,&quot;xs&quot;:&quot;5&quot;}}\"><div class=\"bt_bb_column_content\"><div class=\"bt_bb_column_content_inner\"><table data-bb-version=\"5.3.7\" class=\"bt_bb_table\"><tr class=\"bt_bb_table_row\"><td class=\"bt_bb_table_value\"><span>PARTICIPANTS<\/span><\/td><td class=\"bt_bb_table_value\"><span>DURATION<\/span><\/td><td class=\"bt_bb_table_value\"><span>PRICE<\/span><\/td><td class=\"bt_bb_table_value\"><span>SALE PRICE<\/span><\/td><td class=\"bt_bb_table_value\"><span>APPLICATION<br \/><\/span><\/td><\/tr><tr class=\"bt_bb_table_row btMarkedRow\"><td class=\"bt_bb_table_value\"><span>1 PERSON<\/span><\/td><td class=\"bt_bb_table_value\"><span>7+1 occasion<\/span><\/td><td class=\"bt_bb_table_value\"><span>120.000 Ft helyett<\/span><\/td><td class=\"bt_bb_table_value\"><span>105.000 Ft<\/span><\/td><td class=\"bt_bb_table_value\"><span>\u00daJBUDA \/ CSEPEL<br \/><\/span><\/td><\/tr><tr class=\"bt_bb_table_row btMarkedRow\"><td class=\"bt_bb_table_value\"><span>2 PERSON<\/span><\/td><td class=\"bt_bb_table_value\"><span>7+1 occasion<\/span><\/td><td class=\"bt_bb_table_value\"><span>160.000 Ft helyett<\/span><\/td><td class=\"bt_bb_table_value\"><span>140.000 Ft<\/span><\/td><td class=\"bt_bb_table_value\"><span>\u00daJBUDA \/ CSEPEL<br \/><\/span><\/td><\/tr><tr class=\"bt_bb_table_row btMarkedRow\"><td class=\"bt_bb_table_value\"><span>3 PERSON<\/span><\/td><td class=\"bt_bb_table_value\"><span>7+1 occasion<\/span><\/td><td class=\"bt_bb_table_value\"><span>216.000 Ft helyett<\/span><\/td><td class=\"bt_bb_table_value\"><span>189.000 Ft<\/span><\/td><td class=\"bt_bb_table_value\"><span>\u00daJBUDA \/ CSEPEL<br \/><\/span><\/td><\/tr><tr class=\"bt_bb_table_row btMarkedRow\"><td class=\"bt_bb_table_value\"><span>4 PERSON<\/span><\/td><td class=\"bt_bb_table_value\"><span>7+1 occasion<\/span><\/td><td class=\"bt_bb_table_value\"><span>240.000 Ft helyett<\/span><\/td><td class=\"bt_bb_table_value\"><span>210.000 Ft<\/span><\/td><td class=\"bt_bb_table_value\"><span>\u00daJBUDA \/ CSEPEL<br \/><\/span><\/td><\/tr><tr class=\"bt_bb_table_row btMarkedRow\"><td class=\"bt_bb_table_value\"><span>5 PERSON<\/span><\/td><td class=\"bt_bb_table_value\"><span>7+1 occasion<\/span><\/td><td class=\"bt_bb_table_value\"><span>280.000 Ft helyett<\/span><\/td><td class=\"bt_bb_table_value\"><span>245.000 Ft<\/span><\/td><td class=\"bt_bb_table_value\"><span>\u00daJBUDA \/ CSEPEL<br \/><\/span><\/td><\/tr><\/table><div class=\"bt_bb_separator bt_bb_border_style_none bt_bb_top_spacing_none bt_bb_bottom_spacing_medium\" data-bt-override-class=\"{&quot;bt_bb_top_spacing_&quot;:{&quot;current_class&quot;:&quot;bt_bb_top_spacing_none&quot;,&quot;xxl&quot;:&quot;none&quot;,&quot;xl&quot;:&quot;none&quot;},&quot;bt_bb_bottom_spacing_&quot;:{&quot;current_class&quot;:&quot;bt_bb_bottom_spacing_medium&quot;,&quot;xxl&quot;:&quot;medium&quot;,&quot;xl&quot;:&quot;medium&quot;}}\"><\/div><\/div><\/div><\/div><\/div><\/div><\/div><!-- cell_inner --><\/div><!-- cell --><\/div><!-- port --><\/section><\/p>","protected":false},"excerpt":{"rendered":"","protected":false},"author":1,"featured_media":2785,"parent":2,"menu_order":0,"comment_status":"closed","ping_status":"closed","template":"","meta":[],"_links":{"self":[{"href":"https:\/\/nanooksiiskola.hu\/en\/wp-json\/wp\/v2\/pages\/2782"}],"collection":[{"href":"https:\/\/nanooksiiskola.hu\/en\/wp-json\/wp\/v2\/pages"}],"about":[{"href":"https:\/\/nanooksiiskola.hu\/en\/wp-json\/wp\/v2\/types\/page"}],"author":[{"embeddable":true,"href":"https:\/\/nanooksiiskola.hu\/en\/wp-json\/wp\/v2\/users\/1"}],"replies":[{"embeddable":true,"href":"https:\/\/nanooksiiskola.hu\/en\/wp-json\/wp\/v2\/comments?post=2782"}],"version-history":[{"count":25,"href":"https:\/\/nanooksiiskola.hu\/en\/wp-json\/wp\/v2\/pages\/2782\/revisions"}],"predecessor-version":[{"id":8126,"href":"https:\/\/nanooksiiskola.hu\/en\/wp-json\/wp\/v2\/pages\/2782\/revisions\/8126"}],"up":[{"embeddable":true,"href":"https:\/\/nanooksiiskola.hu\/en\/wp-json\/wp\/v2\/pages\/2"}],"wp:featuredmedia":[{"embeddable":true,"href":"https:\/\/nanooksiiskola.hu\/en\/wp-json\/wp\/v2\/media\/2785"}],"wp:attachment":[{"href":"https:\/\/nanooksiiskola.hu\/en\/wp-json\/wp\/v2\/media?parent=2782"}],"curies":[{"name":"wp","href":"https:\/\/api.w.org\/{rel}","templated":true}]}}