{"id":2921,"date":"2022-07-16T06:20:07","date_gmt":"2022-07-16T06:20:07","guid":{"rendered":"https:\/\/nanooksiiskola.hu\/?page_id=2921"},"modified":"2023-08-08T04:44:35","modified_gmt":"2023-08-08T02:44:35","slug":"intenziv-es-felnott-jelentkezes","status":"publish","type":"page","link":"https:\/\/nanooksiiskola.hu\/en\/intenziv-es-felnott-jelentkezes\/","title":{"rendered":"APPLICATION FORM"},"content":{"rendered":"<p><section id=\"bt_bb_section69e4e6744549d\" class=\"bt_bb_section bt_bb_layout_boxed_1200\"  data-bt-override-class=\"null\"><div class=\"bt_bb_port\"><div class=\"bt_bb_cell\"><div class=\"bt_bb_cell_inner\"><div class=\"bt_bb_row\"  data-bt-override-class=\"{}\"><div class=\"bt_bb_row_holder\" ><div  class=\"bt_bb_column col-xxl-12 col-xl-12 col-xs-12 col-sm-12 col-md-12 col-lg-12 bt_bb_vertical_align_top bt_bb_align_left bt_bb_padding_normal\" style=\"; --column-width:12;\" data-width=\"12\" data-bt-override-class=\"{}\"><div class=\"bt_bb_column_content\"><div class=\"bt_bb_column_content_inner\"><div class=\"bt_bb_separator bt_bb_border_style_none bt_bb_top_spacing_medium bt_bb_bottom_spacing_none\" data-bt-override-class=\"{&quot;bt_bb_top_spacing_&quot;:{&quot;current_class&quot;:&quot;bt_bb_top_spacing_medium&quot;,&quot;xxl&quot;:&quot;medium&quot;,&quot;xl&quot;:&quot;medium&quot;},&quot;bt_bb_bottom_spacing_&quot;:{&quot;current_class&quot;:&quot;bt_bb_bottom_spacing_none&quot;,&quot;xxl&quot;:&quot;none&quot;,&quot;xl&quot;:&quot;none&quot;}}\"><\/div><\/div><\/div><\/div><\/div><\/div><\/div><!-- cell_inner --><\/div><!-- cell --><\/div><!-- port --><\/section><section id=\"bt_bb_section69e4e67445753\" class=\"bt_bb_section bt_bb_color_scheme_2 bt_bb_layout_boxed_left_right_1200 bt_bb_vertical_align_top bt_bb_top_spacing_small bt_bb_bottom_spacing_small bt_bb_highlight_shadow\" style=\"; --section-primary-color:#191919; --section-secondary-color:#ffffff;\" data-bt-override-class=\"{&quot;bt_bb_top_spacing_&quot;:{&quot;current_class&quot;:&quot;bt_bb_top_spacing_small&quot;,&quot;xxl&quot;:&quot;small&quot;,&quot;xl&quot;:&quot;small&quot;},&quot;bt_bb_bottom_spacing_&quot;:{&quot;current_class&quot;:&quot;bt_bb_bottom_spacing_small&quot;,&quot;xxl&quot;:&quot;small&quot;,&quot;xl&quot;:&quot;small&quot;}}\"><div class=\"bt_bb_port\"><div class=\"bt_bb_cell\"><div class=\"bt_bb_cell_inner\"><div class=\"bt_bb_row\"  data-bt-override-class=\"{}\"><div class=\"bt_bb_row_holder\" ><div  class=\"bt_bb_column col-xxl-12 col-xl-12 col-xs-12 col-sm-12 col-md-12 col-lg-12 bt_bb_vertical_align_middle bt_bb_align_left bt_bb_padding_normal bt_bb_animation_fade_in animate\" style=\"; --column-width:12;\" data-width=\"12\" data-bt-override-class=\"{&quot;bt_bb_align_&quot;:{&quot;current_class&quot;:&quot;bt_bb_align_left&quot;,&quot;xxl&quot;:&quot;left&quot;,&quot;xl&quot;:&quot;left&quot;},&quot;bt_bb_padding_&quot;:{&quot;current_class&quot;:&quot;bt_bb_padding_normal&quot;,&quot;xxl&quot;:&quot;normal&quot;,&quot;xl&quot;:&quot;normal&quot;}}\"><div class=\"bt_bb_column_content\"><div class=\"bt_bb_column_content_inner\"><div  class=\"bt_bb_text\" ><div class=\"wpforms-container wpforms-container-full\" id=\"wpforms-2918\"><form id=\"wpforms-form-2918\" class=\"wpforms-validate wpforms-form wpforms-ajax-form\" data-formid=\"2918\" method=\"post\" enctype=\"multipart\/form-data\" action=\"\/en\/wp-json\/wp\/v2\/pages\/2921\" data-token=\"ca30fabef3dffa3b2bc6d9ad2b36f0ad\" data-token-time=\"1776608884\" data-trp-original-action=\"\/en\/wp-json\/wp\/v2\/pages\/2921\"><noscript class=\"wpforms-error-noscript\">Please enable JavaScript in your browser to complete this form.<\/noscript><div class=\"wpforms-field-container\"><div id=\"wpforms-2918-field_11-container\" class=\"wpforms-field wpforms-field-text wpf-disable-field wpforms-one-half wpforms-first\" data-field-id=\"11\"><label class=\"wpforms-field-label\" for=\"wpforms-2918-field_11\">Location <span class=\"wpforms-required-label\">*<\/span><\/label><input type=\"text\" id=\"wpforms-2918-field_11\" class=\"wpforms-field-medium wpforms-field-required\" name=\"wpforms[fields][11]\" required><\/div><div id=\"wpforms-2918-field_10-container\" class=\"wpforms-field wpforms-field-text wpf-disable-field wpforms-one-half\" data-field-id=\"10\"><label class=\"wpforms-field-label\" for=\"wpforms-2918-field_10\">Oktat\u00e1s t\u00edpusa <span class=\"wpforms-required-label\">*<\/span><\/label><input type=\"text\" id=\"wpforms-2918-field_10\" class=\"wpforms-field-medium wpforms-field-required\" name=\"wpforms[fields][10]\" required><\/div><div id=\"wpforms-2918-field_9-container\" class=\"wpforms-field wpforms-field-text wpf-disable-field wpforms-one-half wpforms-first\" data-field-id=\"9\"><label class=\"wpforms-field-label\" for=\"wpforms-2918-field_9\">Megnevez\u00e9s <span class=\"wpforms-required-label\">*<\/span><\/label><input type=\"text\" id=\"wpforms-2918-field_9\" class=\"wpforms-field-medium wpforms-field-required\" name=\"wpforms[fields][9]\" required><\/div><div id=\"wpforms-2918-field_27-container\" class=\"wpforms-field wpforms-field-select wpf-disable-field wpforms-one-half wpforms-field-select-style-classic\" data-field-id=\"27\"><label class=\"wpforms-field-label\" for=\"wpforms-2918-field_27\">Duration<\/label><select id=\"wpforms-2918-field_27\" class=\"wpforms-field-medium\" name=\"wpforms[fields][27]\"><option value=\"TAVASZI INT. \/4 NAP - 35 000 FT\/\" >TAVASZI INT. \/4 NAP - 35 000 FT\/<\/option><option value=\"FELN\u0150TT CSOP \/60 000 FT\/\" >FELN\u0150TT CSOP \/60 000 FT\/<\/option><\/select><\/div><div id=\"wpforms-2918-field_26-container\" class=\"wpforms-field wpforms-field-text wpforms-one-half wpforms-first wpf-disable-field\" data-field-id=\"26\"><label class=\"wpforms-field-label\" for=\"wpforms-2918-field_26\">Day <span class=\"wpforms-required-label\">*<\/span><\/label><input type=\"text\" id=\"wpforms-2918-field_26\" class=\"wpforms-field-medium wpforms-field-required\" name=\"wpforms[fields][26]\" required><\/div><div id=\"wpforms-2918-field_23-container\" class=\"wpforms-field wpforms-field-text wpf-disable-field wpforms-one-half\" data-field-id=\"23\"><label class=\"wpforms-field-label\" for=\"wpforms-2918-field_23\">Kezd\u00e9s <span class=\"wpforms-required-label\">*<\/span><\/label><input type=\"text\" id=\"wpforms-2918-field_23\" class=\"wpforms-field-medium wpforms-field-required\" name=\"wpforms[fields][23]\" required><\/div><div id=\"wpforms-2918-field_2-container\" class=\"wpforms-field wpforms-field-name wpforms-one-half wpforms-first\" data-field-id=\"2\"><label class=\"wpforms-field-label\" for=\"wpforms-2918-field_2\">Name of applicant <span class=\"wpforms-required-label\">*<\/span><\/label><input type=\"text\" id=\"wpforms-2918-field_2\" class=\"wpforms-field-medium wpforms-field-required\" name=\"wpforms[fields][2]\" required><\/div><div id=\"wpforms-2918-field_1-container\" class=\"wpforms-field wpforms-field-text wpforms-one-half\" data-field-id=\"1\"><label class=\"wpforms-field-label\" for=\"wpforms-2918-field_1\">Date of birth <span class=\"wpforms-required-label\">*<\/span><\/label><input type=\"text\" id=\"wpforms-2918-field_1\" class=\"wpforms-field-medium wpforms-field-required wpforms-masked-input\" data-rule-inputmask-incomplete=\"1\" data-inputmask-alias=\"datetime\" data-inputmask-inputformat=\"yyyy\/mm\/dd\" data-inputmask-inputmode=\"numeric\" name=\"wpforms[fields][1]\" required><\/div><div id=\"wpforms-2918-field_5-container\" class=\"wpforms-field wpforms-field-text wpforms-one-half wpforms-first\" data-field-id=\"5\"><label class=\"wpforms-field-label\" for=\"wpforms-2918-field_5\">Address <span class=\"wpforms-required-label\">*<\/span><\/label><input type=\"text\" id=\"wpforms-2918-field_5\" class=\"wpforms-field-medium wpforms-field-required\" name=\"wpforms[fields][5]\" required><\/div><div id=\"wpforms-2918-field_4-container\" class=\"wpforms-field wpforms-field-email wpforms-one-half\" data-field-id=\"4\"><label class=\"wpforms-field-label\" for=\"wpforms-2918-field_4\">Email <span class=\"wpforms-required-label\">*<\/span><\/label><input type=\"email\" id=\"wpforms-2918-field_4\" class=\"wpforms-field-medium wpforms-field-required\" name=\"wpforms[fields][4]\" spellcheck=\"false\" required><\/div><div id=\"wpforms-2918-field_6-container\" class=\"wpforms-field wpforms-field-text wpforms-one-half wpforms-first\" data-field-id=\"6\"><label class=\"wpforms-field-label\" for=\"wpforms-2918-field_6\">Mother \/ Father or own phone number <span class=\"wpforms-required-label\">*<\/span><\/label><input type=\"text\" id=\"wpforms-2918-field_6\" class=\"wpforms-field-medium wpforms-field-required wpforms-masked-input\" data-rule-inputmask-incomplete=\"1\" data-inputmask-mask=\"36 (99) 999-9999\" name=\"wpforms[fields][6]\" required><\/div><div id=\"wpforms-2918-field_15-container\" class=\"wpforms-field wpforms-field-select wpforms-one-half wpforms-first wpforms-field-select-style-classic\" data-field-id=\"15\"><label class=\"wpforms-field-label\" for=\"wpforms-2918-field_15\">How did you hear about us? <span class=\"wpforms-required-label\">*<\/span><\/label><select id=\"wpforms-2918-field_15\" class=\"wpforms-field-medium wpforms-field-required\" name=\"wpforms[fields][15]\" required=\"required\"><option value=\"\" class=\"placeholder\" disabled selected='selected'> <\/option><option value=\"plak\u00e1t\" >poster<\/option><option value=\"sz\u00f3r\u00f3lap\" >flyer<\/option><option value=\"internet\" >internet<\/option><option value=\"ismer\u0151s, bar\u00e1t\" >friend, acquaintance<\/option><option value=\"r\u00e1di\u00f3\" >radio<\/option><option value=\"\u00fajs\u00e1g hirdet\u00e9s\" >newspaper ad<\/option><option value=\"visszat\u00e9r\u0151 vagyok\" >recurrent<\/option><option value=\"sport\u00e1gv\u00e1laszt\u00f3 rendezv\u00e9ny\" >sport\u00e1gv\u00e1laszt\u00f3 rendezv\u00e9ny<\/option><option value=\"egy\u00e9b\" >other<\/option><\/select><div class=\"wpforms-field-description\">*required!<\/div><\/div><div id=\"wpforms-2918-field_25-container\" class=\"wpforms-field wpforms-field-select wpforms-one-half wpforms-first wpforms-field-select-style-classic\" data-field-id=\"25\"><label class=\"wpforms-field-label\" for=\"wpforms-2918-field_25\">Payment <span class=\"wpforms-required-label\">*<\/span><\/label><select id=\"wpforms-2918-field_25\" class=\"wpforms-field-medium wpforms-field-required\" name=\"wpforms[fields][25]\" required=\"required\"><option value=\"\" class=\"placeholder\" disabled selected='selected'> <\/option><option value=\"Banki \u00e1tutal\u00e1s\" >Bank transfer<\/option><\/select><div class=\"wpforms-field-description\">*required!<\/div><\/div><div id=\"wpforms-2918-field_16-container\" class=\"wpforms-field wpforms-field-checkbox\" data-field-id=\"16\"><label class=\"wpforms-field-label\">Newsletter<\/label><ul id=\"wpforms-2918-field_16\"><li class=\"choice-3 depth-1\"><input type=\"checkbox\" id=\"wpforms-2918-field_16_3\" name=\"wpforms[fields][16][]\" value=\"Igen, szeretn\u00e9k inform\u00e1ci\u00f3t kapni a Nanook S\u00ediskol\u00e1val kapcsolatban\"  ><label class=\"wpforms-field-label-inline\" for=\"wpforms-2918-field_16_3\">Yes, I would like to receive information about the Nanook Ski School<\/label><\/li><\/ul><div class=\"wpforms-field-description\">Iratkozzon fel a h\u00edrlevel\u00fcnkre, hogy a Nanook S\u00ediskola legfrissebb h\u00edreir\u0151l olvashasson.\n\nNanook S\u00ediskola bizalmasan kezeli az \u00d6n szem\u00e9lyes adatait \u00e9s a h\u00edrlev\u00e9lr\u0151l b\u00e1rmikor leiratkozhat.\n<\/div><\/div><div id=\"wpforms-2918-field_17-container\" class=\"wpforms-field wpforms-field-checkbox\" data-field-id=\"17\"><ul id=\"wpforms-2918-field_17\" class=\"wpforms-field-required\"><li class=\"choice-3 depth-1\"><input type=\"checkbox\" id=\"wpforms-2918-field_17_3\" name=\"wpforms[fields][17][]\" value=\"A h\u00e1zirend \u00e9s adatv\u00e9delmi nyilatkozat elfogad\u00e1sa *\" required><label class=\"wpforms-field-label-inline\" for=\"wpforms-2918-field_17_3\">A h\u00e1zirend \u00e9s adatv\u00e9delmi nyilatkozat elfogad\u00e1sa *<\/label><\/li><\/ul><div class=\"wpforms-field-description\">The User declares that he\/she has read and understood the contents of the House Rules and Privacy Statement documents, and consents to their contents - voluntarily and after adequate information.\n<\/div><\/div><\/div><!-- .wpforms-field-container --><div class=\"wpforms-submit-container\" ><input type=\"hidden\" name=\"wpforms[id]\" value=\"2918\"><input type=\"hidden\" name=\"page_title\" value=\"\"><input type=\"hidden\" name=\"page_url\" value=\"https:\/\/nanooksiiskola.hu\/en\/wp-json\/wp\/v2\/pages\/2921\"><input type=\"hidden\" name=\"url_referer\" value=\"\"><button type=\"submit\" name=\"wpforms[submit]\" id=\"wpforms-submit-2918\" class=\"wpforms-submit bt_oxi_style\" data-alt-text=\"folyamatban...\" data-submit-text=\"K\u00dcLD\u00c9S\" aria-live=\"assertive\" value=\"wpforms-submit\">SEND<\/button><img src=\"https:\/\/nanooksiiskola.hu\/wp-content\/plugins\/wpforms-lite\/assets\/images\/submit-spin.svg\" class=\"wpforms-submit-spinner\" style=\"display: none;\" width=\"26\" height=\"26\" alt=\"Loading\"><\/div><input type=\"hidden\" name=\"trp-form-language\" value=\"en\"\/><\/form><\/div>  <!-- .wpforms-container --><\/div><\/div><\/div><\/div><\/div><\/div><\/div><!-- cell_inner --><\/div><!-- cell --><\/div><!-- port --><\/section><section id=\"bt_bb_section69e4e6744d801\" class=\"bt_bb_section bt_bb_layout_boxed_1200\"  data-bt-override-class=\"null\"><div class=\"bt_bb_port\"><div class=\"bt_bb_cell\"><div class=\"bt_bb_cell_inner\"><div class=\"bt_bb_row\"  data-bt-override-class=\"{}\"><div class=\"bt_bb_row_holder\" ><div  class=\"bt_bb_column col-xxl-12 col-xl-12 col-xs-12 col-sm-12 col-md-12 col-lg-12 bt_bb_vertical_align_top bt_bb_align_left bt_bb_padding_normal\" style=\"; --column-width:12;\" data-width=\"12\" data-bt-override-class=\"{}\"><div class=\"bt_bb_column_content\"><div class=\"bt_bb_column_content_inner\"><div class=\"bt_bb_separator bt_bb_border_style_none bt_bb_top_spacing_normal bt_bb_bottom_spacing_none\" data-bt-override-class=\"{&quot;bt_bb_top_spacing_&quot;:{&quot;current_class&quot;:&quot;bt_bb_top_spacing_normal&quot;,&quot;xxl&quot;:&quot;normal&quot;,&quot;xl&quot;:&quot;normal&quot;},&quot;bt_bb_bottom_spacing_&quot;:{&quot;current_class&quot;:&quot;bt_bb_bottom_spacing_none&quot;,&quot;xxl&quot;:&quot;none&quot;,&quot;xl&quot;:&quot;none&quot;}}\"><\/div><\/div><\/div><\/div><\/div><\/div><\/div><!-- cell_inner --><\/div><!-- cell --><\/div><!-- port --><\/section><\/p>","protected":false},"excerpt":{"rendered":"","protected":false},"author":1,"featured_media":3435,"parent":0,"menu_order":0,"comment_status":"closed","ping_status":"closed","template":"","meta":[],"_links":{"self":[{"href":"https:\/\/nanooksiiskola.hu\/en\/wp-json\/wp\/v2\/pages\/2921"}],"collection":[{"href":"https:\/\/nanooksiiskola.hu\/en\/wp-json\/wp\/v2\/pages"}],"about":[{"href":"https:\/\/nanooksiiskola.hu\/en\/wp-json\/wp\/v2\/types\/page"}],"author":[{"embeddable":true,"href":"https:\/\/nanooksiiskola.hu\/en\/wp-json\/wp\/v2\/users\/1"}],"replies":[{"embeddable":true,"href":"https:\/\/nanooksiiskola.hu\/en\/wp-json\/wp\/v2\/comments?post=2921"}],"version-history":[{"count":0,"href":"https:\/\/nanooksiiskola.hu\/en\/wp-json\/wp\/v2\/pages\/2921\/revisions"}],"wp:featuredmedia":[{"embeddable":true,"href":"https:\/\/nanooksiiskola.hu\/en\/wp-json\/wp\/v2\/media\/3435"}],"wp:attachment":[{"href":"https:\/\/nanooksiiskola.hu\/en\/wp-json\/wp\/v2\/media?parent=2921"}],"curies":[{"name":"wp","href":"https:\/\/api.w.org\/{rel}","templated":true}]}}