{"id":4907,"date":"2023-08-24T15:44:29","date_gmt":"2023-08-24T13:44:29","guid":{"rendered":"https:\/\/nanooksiiskola.hu\/?post_type=product&#038;p=4907"},"modified":"2025-08-22T18:50:23","modified_gmt":"2025-08-22T16:50:23","slug":"uszosapka","status":"publish","type":"product","link":"https:\/\/nanooksiiskola.hu\/en\/product\/uszosapka\/","title":{"rendered":"\u00dasz\u00f3sapka"},"content":{"rendered":"<p>Szilikon \u00fasz\u00f3sapka.<\/p>\n<p>Egy m\u00e9ret.<\/p>","protected":false},"excerpt":{"rendered":"<p>Szilikon \u00fasz\u00f3sapka. Egy m\u00e9ret.<\/p>","protected":false},"featured_media":4665,"template":"","meta":[],"product_cat":[44],"product_tag":[65],"_links":{"self":[{"href":"https:\/\/nanooksiiskola.hu\/en\/wp-json\/wp\/v2\/product\/4907"}],"collection":[{"href":"https:\/\/nanooksiiskola.hu\/en\/wp-json\/wp\/v2\/product"}],"about":[{"href":"https:\/\/nanooksiiskola.hu\/en\/wp-json\/wp\/v2\/types\/product"}],"wp:featuredmedia":[{"embeddable":true,"href":"https:\/\/nanooksiiskola.hu\/en\/wp-json\/wp\/v2\/media\/4665"}],"wp:attachment":[{"href":"https:\/\/nanooksiiskola.hu\/en\/wp-json\/wp\/v2\/media?parent=4907"}],"wp:term":[{"taxonomy":"product_cat","embeddable":true,"href":"https:\/\/nanooksiiskola.hu\/en\/wp-json\/wp\/v2\/product_cat?post=4907"},{"taxonomy":"product_tag","embeddable":true,"href":"https:\/\/nanooksiiskola.hu\/en\/wp-json\/wp\/v2\/product_tag?post=4907"}],"curies":[{"name":"wp","href":"https:\/\/api.w.org\/{rel}","templated":true}]}}