{"id":5254,"date":"2023-11-07T14:56:38","date_gmt":"2023-11-07T12:56:38","guid":{"rendered":"https:\/\/nanooksiiskola.hu\/?post_type=product&#038;p=5254"},"modified":"2025-04-05T09:47:54","modified_gmt":"2025-04-05T07:47:54","slug":"tanulo-sielo-baba","status":"publish","type":"product","link":"https:\/\/nanooksiiskola.hu\/en\/product\/tanulo-sielo-baba\/","title":{"rendered":"Tanul\u00f3 s\u00edel\u0151 baba"},"content":{"rendered":"<p>Tanul\u00f3 s\u00edel\u0151 baba k\u00e9k ruh\u00e1ban<\/p>\n<ul>\n<li>Sport- \u00e9s kalandj\u00e1t\u00e9k szett szuper er\u0151s, kiv\u00e1l\u00f3 min\u0151s\u00e9g\u0171 BPA mentes m\u0171anyagb\u00f3l, autentikus, rendk\u00edv\u00fcl r\u00e9szletes kivitel\u0171 sportfelszerel\u00e9ssel, sok kieg\u00e9sz\u00edt\u0151vel.<\/li>\n<li>A k\u00e9szlet tartalma:\u00a01\u00a0baba, egy p\u00e1r s\u00edl\u00e9c, egy p\u00e1r s\u00edbakancs, egy p\u00e1r s\u00edbot, s\u00ed szem\u00fcveg,\u00a0 r\u00f3zsasz\u00edn s\u00edover\u00e1l.<\/li>\n<li>12 cm magas<\/li>\n<li>M\u00e9retar\u00e1ny 1:6<\/li>\n<li>Remek szett gyermeked k\u00e9szs\u00e9geinek fejleszt\u00e9s\u00e9re \u00e9s \u00f3r\u00e1kig tart\u00f3 elfoglalts\u00e1g\u00e1ra.<\/li>\n<li>Gy\u0171jtsd \u00f6ssze mindet!\u00a0A sorozatban el\u00e9rhet\u0151 j\u00e9gt\u00e1ncos, s\u00edel\u0151, s\u00edversenyz\u0151, snowboardos \u00e9s sz\u00e1nk\u00f3z\u00f3 baba is!<\/li>\n<\/ul>\n<p>\u26a0\ufe0fFIGYELEM: fullad\u00e1s vesz\u00e9ly! 3 \u00e9vesn\u00e9l kisebb gyermekeknek nem aj\u00e1nlott. Apr\u00f3 alkatr\u00e9szeket tartalmazhat, melyek lenyel\u00e9se fullad\u00e1st okozhat!<\/p>\n<figure id=\"attachment_5256\" aria-describedby=\"caption-attachment-5256\" style=\"width: 640px\" class=\"wp-caption alignnone\"><img decoding=\"async\" loading=\"lazy\" class=\"size-medium wp-image-5256\" src=\"https:\/\/nanooksiiskola.hu\/wp-content\/uploads\/2023\/11\/paula-blue-640x356.jpeg\" alt=\"tanul\u00f3 baba\" width=\"640\" height=\"356\" srcset=\"https:\/\/nanooksiiskola.hu\/wp-content\/uploads\/2023\/11\/paula-blue-640x356.jpeg 640w, https:\/\/nanooksiiskola.hu\/wp-content\/uploads\/2023\/11\/paula-blue-768x427.jpeg 768w, https:\/\/nanooksiiskola.hu\/wp-content\/uploads\/2023\/11\/paula-blue-18x10.jpeg 18w, https:\/\/nanooksiiskola.hu\/wp-content\/uploads\/2023\/11\/paula-blue-320x178.jpeg 320w, https:\/\/nanooksiiskola.hu\/wp-content\/uploads\/2023\/11\/paula-blue-600x333.jpeg 600w, https:\/\/nanooksiiskola.hu\/wp-content\/uploads\/2023\/11\/paula-blue.jpeg 900w\" sizes=\"(max-width: 640px) 100vw, 640px\" \/><figcaption id=\"caption-attachment-5256\" class=\"wp-caption-text\">s\u00edel\u0151 baba<\/figcaption><\/figure>","protected":false},"excerpt":{"rendered":"<p>Tanul\u00f3 s\u00edel\u0151 baba k\u00e9k ruh\u00e1ban Sport- \u00e9s kalandj\u00e1t\u00e9k szett szuper er\u0151s, kiv\u00e1l\u00f3 min\u0151s\u00e9g\u0171 BPA mentes m\u0171anyagb\u00f3l, autentikus, rendk\u00edv\u00fcl r\u00e9szletes kivitel\u0171 sportfelszerel\u00e9ssel, sok kieg\u00e9sz\u00edt\u0151vel. A k\u00e9szlet tartalma:\u00a01\u00a0baba, egy p\u00e1r s\u00edl\u00e9c, egy p\u00e1r s\u00edbakancs, egy p\u00e1r s\u00edbot, s\u00ed szem\u00fcveg,\u00a0 r\u00f3zsasz\u00edn s\u00edover\u00e1l. 12 cm magas M\u00e9retar\u00e1ny 1:6 Remek szett gyermeked k\u00e9szs\u00e9geinek fejleszt\u00e9s\u00e9re \u00e9s \u00f3r\u00e1kig tart\u00f3 elfoglalts\u00e1g\u00e1ra. Gy\u0171jtsd \u00f6ssze&#8230;<\/p>","protected":false},"featured_media":5255,"template":"","meta":[],"product_cat":[60],"product_tag":[67],"_links":{"self":[{"href":"https:\/\/nanooksiiskola.hu\/en\/wp-json\/wp\/v2\/product\/5254"}],"collection":[{"href":"https:\/\/nanooksiiskola.hu\/en\/wp-json\/wp\/v2\/product"}],"about":[{"href":"https:\/\/nanooksiiskola.hu\/en\/wp-json\/wp\/v2\/types\/product"}],"wp:featuredmedia":[{"embeddable":true,"href":"https:\/\/nanooksiiskola.hu\/en\/wp-json\/wp\/v2\/media\/5255"}],"wp:attachment":[{"href":"https:\/\/nanooksiiskola.hu\/en\/wp-json\/wp\/v2\/media?parent=5254"}],"wp:term":[{"taxonomy":"product_cat","embeddable":true,"href":"https:\/\/nanooksiiskola.hu\/en\/wp-json\/wp\/v2\/product_cat?post=5254"},{"taxonomy":"product_tag","embeddable":true,"href":"https:\/\/nanooksiiskola.hu\/en\/wp-json\/wp\/v2\/product_tag?post=5254"}],"curies":[{"name":"wp","href":"https:\/\/api.w.org\/{rel}","templated":true}]}}